{"id":6176,"date":"2020-06-10T09:48:45","date_gmt":"2020-06-10T09:48:45","guid":{"rendered":"https:\/\/dentalspa.life\/?page_id=6176"},"modified":"2020-06-10T09:50:18","modified_gmt":"2020-06-10T09:50:18","slug":"aviso-legal","status":"publish","type":"page","link":"https:\/\/dentalspa.life\/ca\/aviso-legal\/","title":{"rendered":"Av\u00eds Legal"},"content":{"rendered":"<div id=\"fws_69e10f17ced3b\"  data-column-margin=\"default\" data-midnight=\"dark\" data-top-percent=\"5%\" data-bottom-percent=\"5%\"  class=\"wpb_row vc_row-fluid vc_row full-width-section has-row-bg-color\"  style=\"padding-top: calc(100vw * 0.05); padding-bottom: calc(100vw * 0.05); --row-bg-color: #ffffff;\"><div class=\"row-bg-wrap\" data-bg-animation=\"none\" data-bg-animation-delay=\"\" data-bg-overlay=\"false\"><div class=\"inner-wrap row-bg-layer\" ><div class=\"row-bg viewport-desktop using-bg-color\"  style=\"background-color: #ffffff; \"><\/div><\/div><\/div><div class=\"row_col_wrap_12 col span_12 dark left\">\n\t<div  class=\"vc_col-sm-12 wpb_column column_container vc_column_container col no-extra-padding inherit_tablet inherit_phone\"  data-padding-pos=\"all\" data-has-bg-color=\"false\" data-bg-color=\"\" data-bg-opacity=\"1\" data-animation=\"\" data-delay=\"0\" >\n\t\t<div class=\"vc_column-inner\" >\n\t\t\t<div class=\"wpb_wrapper\">\n\t\t\t\t\n<div class=\"wpb_text_column wpb_content_element\" >\n\t<p>Benvingut a la p\u00e0gina web de <strong>DentalSpa<\/strong><\/p>\n<p>A continuaci\u00f3, li exposem les condicions d'\u00fas d'aquesta p\u00e0gina WEB. La navegaci\u00f3 per aquesta p\u00e0gina WEB li atorga el rol d'usuari d'aquesta i, per tant, accepta les cl\u00e0usules detallades en aquest document.<\/p>\n<p style=\"text-align: justify;\"><em><u>1- IDENTIFICACI\u00d3<\/u><\/em><\/p>\n<p>De conformitat amb el que disposa l'article 10 de la Llei 34\/2002, d'11 de juliol, de Serveis de Societat de la Informaci\u00f3 i Comer\u00e7 Electr\u00f2nic, s'informa que <strong>DentalSpa by Ziving<\/strong>\u00a0\u00e9s un domini de l'empresa <strong>Sonrie S.L<\/strong>. amb domicili social a <strong>C\/Torres de Sanui, 36 bajos\u00a0\u2013 25006 Lleida<\/strong> i amb tel\u00e8fon <strong>+34 973 725 093<\/strong><\/p>\n<p>La societat es denomina\u00a0<strong>Sonrie, S.L <\/strong><strong>\u00a0<\/strong>amb <strong>CIF: B25386475<\/strong><\/p>\n<p><em><u>2- NORMES D'UTILITZACI\u00d3<\/u><\/em><\/p>\n<p>L'Usuari es compromet a fer un \u00fas adequat i l\u00edcit del Lloc web aix\u00ed com dels continguts i serveis, de conformitat amb la legislaci\u00f3 aplicable a cada moment,  la moral i bons costums generalment acceptades i  l'ordre p\u00fablic.<\/p>\n<p>Queda prohibit realitzar, per part seva, qualsevol acci\u00f3 que pugui provocar alteracions dels continguts d'aquesta WEB o un mal funcionament d'aquesta, incloent la introducci\u00f3 de virus o similars.<\/p>\n<p><em><u>3- PROPIETAT INTEL\u00b7LECTUAL<\/u><\/em><\/p>\n<p>Les p\u00e0gines de la WEB i la informaci\u00f3 o els elements que cont\u00e9, inclouen textos, documents, fotografies, dibuixos, representacions gr\u00e0fiques, bases de dades, v\u00eddeos i tamb\u00e9 logotips, marques, noms comercials, o altres signes distintius, estan protegits per drets de propietat intel\u00b7lectual o industrial, dels quals Sonrie S.L<strong>\u00a0<\/strong><strong>\u00a0<\/strong>o les empreses del seu grup s\u00f3n titulars o licenciataries leg\u00edtimes.<\/p>\n<p style=\"text-align: justify;\">Queda prohibida qualsevol modalitat d'explotaci\u00f3, incloent qualsevol tipus de reproducci\u00f3, distribuci\u00f3, cessi\u00f3 a tercers, comunicaci\u00f3 p\u00fablica i transformaci\u00f3, mitjan\u00e7ant qualsevol mena de suport i mig, sense l'autoritzaci\u00f3 pr\u00e8via i expressa.<\/p>\n<p style=\"text-align: justify;\"><em><u>4- RESPONSABILITAT<\/u><\/em><\/p>\n<p>La nostra intenci\u00f3 \u00e9s la d'oferir un lloc web que ofereixi un funcionament continuat i de m\u00e0xima qualitat.<\/p>\n<p>De totes maneres, l'informem que no podem garantir l'acc\u00e9s continuat, i que les p\u00e0gines es puguin trobar impedides, o interrompudes per factors o circumst\u00e0ncies alienes a la nostra voluntat.<\/p>\n<p><strong>Sonrie, S.L<\/strong> no \u00e9s responsable de la informaci\u00f3 i altres continguts integrats en espais o p\u00e0gines web de tercers accessibles mitjan\u00e7ant enlla\u00e7os, enlla\u00e7os o links.<\/p>\n<p><strong>Sonrie, S.L<\/strong> no es fa responsable dels perjudicis que es poguessin derivar, entre altres, de:<\/p>\n<ul>\n<li>Interfer\u00e8ncies, interrupcions, fallades, omissions, avaries telef\u00f2niques, retards, bloquejos o desconnexions en el funcionament del sistema electr\u00f2nic, motivades per defici\u00e8ncies, sobrec\u00e0rregues i errors en les l\u00ednies i xarxes de telecomunicacions<\/li>\n<li>Intromissions il\u00b7leg\u00edtimes mitjan\u00e7ant l'\u00fas de programes malignes de qualsevol tipus i a trav\u00e9s de qualsevol mitj\u00e0 de comunicaci\u00f3.<\/li>\n<li>\u00das indegut o inadequat del Lloc web.<\/li>\n<li>Errors produ\u00efts per un mal funcionament del navegador o per l'\u00fas de versions no actualitzades d'aquest.<\/li>\n<\/ul>\n<p>L'usuari, en cas de causar danys i perjudicis per un \u00fas il\u00b7l\u00edcit o incorrecte d'aquest lloc web, podr\u00e0 ser reclamat dels danys o perjudicis causats.<\/p>\n<p>Aix\u00ed mateix, l'usuari respondr\u00e0 enfront de qualsevol mal  i perjudici, que es derivi de l'\u00fas per la seva part de \u201crobots\u201d, \u201cspiders\u201d, \u2026 o eines similars empleades amb la finalitat de recaptar o extreure dades o de qualsevol altra actuaci\u00f3 per la seva part que imposi una c\u00e0rrega desraonada sobre el funcionament del Lloc web.<\/p>\n<p style=\"text-align: justify;\"><em><u>5 \u2013 POL\u00cdTICA DE PRIVACITAT I DE PROTECCI\u00d3 DE DADES<\/u><\/em><\/p>\n<p>En la navegaci\u00f3 per la nostra WEB \u00e9s possible que es recopilin de vost\u00e8 unes certes dades de car\u00e0cter personal, necessaris per a la prestaci\u00f3 dels serveis sol\u00b7licitats.<\/p>\n<p>En concret Vost\u00e8 ens pot proporcionar informaci\u00f3 en els seg\u00fcents apartats:<\/p>\n<ul>\n<li>Dades de contacte per a poder respondre a qualsevol pregunta que Vost\u00e8 ens faci.<\/li>\n<li>Inscripci\u00f3 en la Newsletter. Necessitem les seves dades de contacte parteixi enviar-li peri\u00f2dicament nostra newsletter.<\/li>\n<li>Treballa amb nosaltres. Vost\u00e8 pot enviar-nos el seu curr\u00edculum per a formar part d'una futura selecci\u00f3 de personal en la nostra organitzaci\u00f3<\/li>\n<\/ul>\n<p>D'acord amb el que es disposa en la normativa vigent de protecci\u00f3 de dades personals, l'informem que les dades de car\u00e0cter personal passen a formar part de\u00a0<strong>Sonrie, S.L <\/strong>situada a<strong> C\/Torres de Sanui, 36 bajos\u00a0&#8211; 25006 Lleida<\/strong>, per a la prestaci\u00f3 dels nostres serveis. Les seves dades no seran cedits a tercers excepte obligaci\u00f3 legal. Aix\u00ed mateix, l'informem que les seves dades no seran utilitzats per a la presa autom\u00e0tica de decisions, ni elaboraci\u00f3 de perfils.<\/p>\n<p>De qualsevol dels apartats anteriors, pot exercitar els drets d'acc\u00e9s, rectificaci\u00f3, limitaci\u00f3, cancel\u00b7laci\u00f3 i oposici\u00f3, indicant-ho per escrit a l'empresa\u00a0<strong>Sonrie, S.L <\/strong>situada a<strong> C\/Torres de Sanui, 36 bajos\u00a0&#8211; 25006 Lleida\u00a0<\/strong>o per correu electr\u00f2nic en l'adre\u00e7a: <strong>administracion@sonrie.com<\/strong><\/p>\n<p>Preguem que ens comuniqui qualsevol modificaci\u00f3 de les seves dades de car\u00e0cter personal a fi que la informaci\u00f3 estigui en tot moment actualitzada i no contingui errors. Aix\u00ed mateix, amb l'acceptaci\u00f3 d'aquest av\u00eds legal, reconeix que la informaci\u00f3 i les dades personals recaptades s\u00f3n exactes i veraces.<\/p>\n<p style=\"text-align: justify;\"><em><u>6 \u2013 \u00das de cookies<\/u><\/em><\/p>\n<p style=\"text-align: justify;\">Sonrie S.L. mitjan\u00e7ant el seu web, utilitzar\u00e0 cookies quan l'usuari navegui per la nostra web. Les cookies s'associen \u00fanicament amb un usuari an\u00f2nim i el seu ordinador i no proporcionen refer\u00e8ncies que permetin deduir el nom i cognoms de l'Usuari. L'usuari t\u00e9 l'opci\u00f3 d'impedir la generaci\u00f3 de cookies, mitjan\u00e7ant la selecci\u00f3 de la corresponent opci\u00f3 en el seu programa navegador.<\/p>\n<p style=\"text-align: justify;\">Si vol con\u00e8ixer m\u00e9s al detall el nostre \u00fas de les cookies pot consulta la nostra <a href=\"\/ca\/cookies\/\">pol\u00edtica de cookies<\/a>.<\/p>\n<p style=\"text-align: justify;\"><em><u>7\u2013 Legislaci\u00f3<\/u><\/em><\/p>\n<p>Qualsevol controv\u00e8rsia que sorgeixi o guardi relaci\u00f3 amb l'\u00fas de la p\u00e0gina web ser\u00e0 sotmesa a la jurisdicci\u00f3 no exclusiva dels jutjats i tribunals espanyols.<\/p>\n<\/div>\n\n\n\n\n\t\t\t<\/div> \n\t\t<\/div>\n\t<\/div> \n<\/div><\/div>","protected":false},"excerpt":{"rendered":"Bienvenido a la p\u00e1gina web de DentalSpa A continuaci\u00f3n, le exponemos las condiciones de uso de esta p\u00e1gina WEB. La navegaci\u00f3n por esta p\u00e1gina WEB...","protected":false},"author":1,"featured_media":0,"parent":0,"menu_order":0,"comment_status":"closed","ping_status":"closed","template":"","meta":{"_joinchat":[],"footnotes":""},"class_list":["post-6176","page","type-page","status-publish"],"_links":{"self":[{"href":"https:\/\/dentalspa.life\/ca\/wp-json\/wp\/v2\/pages\/6176","targetHints":{"allow":["GET"]}}],"collection":[{"href":"https:\/\/dentalspa.life\/ca\/wp-json\/wp\/v2\/pages"}],"about":[{"href":"https:\/\/dentalspa.life\/ca\/wp-json\/wp\/v2\/types\/page"}],"author":[{"embeddable":true,"href":"https:\/\/dentalspa.life\/ca\/wp-json\/wp\/v2\/users\/1"}],"replies":[{"embeddable":true,"href":"https:\/\/dentalspa.life\/ca\/wp-json\/wp\/v2\/comments?post=6176"}],"version-history":[{"count":0,"href":"https:\/\/dentalspa.life\/ca\/wp-json\/wp\/v2\/pages\/6176\/revisions"}],"wp:attachment":[{"href":"https:\/\/dentalspa.life\/ca\/wp-json\/wp\/v2\/media?parent=6176"}],"curies":[{"name":"wp","href":"https:\/\/api.w.org\/{rel}","templated":true}]}}