{"id":6180,"date":"2020-06-10T09:56:16","date_gmt":"2020-06-10T09:56:16","guid":{"rendered":"https:\/\/dentalspa.life\/?page_id=6180"},"modified":"2020-06-10T09:56:51","modified_gmt":"2020-06-10T09:56:51","slug":"cookies","status":"publish","type":"page","link":"https:\/\/dentalspa.life\/ca\/cookies\/","title":{"rendered":"Politica de Cookies"},"content":{"rendered":"<div id=\"fws_69e104c58fbe7\"  data-column-margin=\"default\" data-midnight=\"dark\" data-top-percent=\"5%\" data-bottom-percent=\"5%\"  class=\"wpb_row vc_row-fluid vc_row full-width-section has-row-bg-color\"  style=\"padding-top: calc(100vw * 0.05); padding-bottom: calc(100vw * 0.05); --row-bg-color: #ffffff;\"><div class=\"row-bg-wrap\" data-bg-animation=\"none\" data-bg-animation-delay=\"\" data-bg-overlay=\"false\"><div class=\"inner-wrap row-bg-layer\" ><div class=\"row-bg viewport-desktop using-bg-color\"  style=\"background-color: #ffffff; \"><\/div><\/div><\/div><div class=\"row_col_wrap_12 col span_12 dark left\">\n\t<div  class=\"vc_col-sm-12 wpb_column column_container vc_column_container col no-extra-padding inherit_tablet inherit_phone\"  data-padding-pos=\"all\" data-has-bg-color=\"false\" data-bg-color=\"\" data-bg-opacity=\"1\" data-animation=\"\" data-delay=\"0\" >\n\t\t<div class=\"vc_column-inner\" >\n\t\t\t<div class=\"wpb_wrapper\">\n\t\t\t\t\n<div class=\"wpb_text_column wpb_content_element\" >\n\t<p style=\"text-align: justify;\">Aquest portal, igual que la majoria de portals en Internet, usa cookies per a millorar l'experi\u00e8ncia de navegaci\u00f3 de l'usuari. Les cookies personalitzen els serveis que ofereix el lloc web, oferint a cada usuari informaci\u00f3 que pot ser del seu inter\u00e8s, en atenci\u00f3 a l'\u00fas que realitza d'aquesta web. A continuaci\u00f3 trobar\u00e0 informaci\u00f3 sobre qu\u00e8 s\u00f3n les cookies, quin tipus de cookies utilitza aquesta web, com pot desactivar les cookies en el seu navegador o com desactivar espec\u00edficament la instal\u00b7laci\u00f3 de cookies de tercers i qu\u00e8 ocorre en cas de deshabilitar-les.<\/p>\n<\/div>\n\n\n\n\n\t\t\t<\/div> \n\t\t<\/div>\n\t<\/div> \n<\/div><\/div>\n\t\t<div id=\"fws_69e104c590237\"  data-column-margin=\"default\" data-midnight=\"dark\" data-top-percent=\"5%\" data-bottom-percent=\"5%\"  class=\"wpb_row vc_row-fluid vc_row full-width-section has-row-bg-color\"  style=\"padding-top: calc(100vw * 0.05); padding-bottom: calc(100vw * 0.05); --row-bg-color: #ffffff;\"><div class=\"row-bg-wrap\" data-bg-animation=\"none\" data-bg-animation-delay=\"\" data-bg-overlay=\"false\"><div class=\"inner-wrap row-bg-layer\" ><div class=\"row-bg viewport-desktop using-bg-color\"  style=\"background-color: #ffffff; \"><\/div><\/div><\/div><div class=\"row_col_wrap_12 col span_12 dark left\">\n\t<div  class=\"vc_col-sm-12 wpb_column column_container vc_column_container col no-extra-padding inherit_tablet inherit_phone\"  data-padding-pos=\"all\" data-has-bg-color=\"false\" data-bg-color=\"\" data-bg-opacity=\"1\" data-animation=\"\" data-delay=\"0\" >\n\t\t<div class=\"vc_column-inner\" >\n\t\t\t<div class=\"wpb_wrapper\">\n\t\t\t\t<div class=\"col span_12 section-title text-align-center extra-padding\"><h2>\n<h2>Qu\u00e8 s\u00f3n les cookies?<\/h2>\n<\/h2><\/div><div class=\"clear\"><\/div>\n<div class=\"wpb_text_column wpb_content_element\" >\n\t<p style=\"text-align: justify;\">Les cookies s\u00f3n petits arxius que algunes plataformes, com les p\u00e0gines web, poden instal\u00b7lar en el seu ordinador, tel\u00e8fon intel\u00b7ligent, tauleta o televisi\u00f3 connectada, en accedir a aquestes. Les seves funcions poden ser molt variades: emmagatzemar les seves prefer\u00e8ncies de navegaci\u00f3, recopilar informaci\u00f3 estad\u00edstica, permetre unes certes funcionalitats t\u00e8cniques, emmagatzemar i recuperar informaci\u00f3 sobre els h\u00e0bits de navegaci\u00f3 o prefer\u00e8ncies d'un usuari o del seu equip fins al punt, a vegades, depenent de la informaci\u00f3 que continguin i de la forma en qu\u00e8 utilitzi el seu equip, de poder recon\u00e8ixer-ho. Una cookie s'emmagatzema en un ordinador per a personalitzar i facilitar al m\u00e0xim la navegaci\u00f3 de l'usuari. Les cookies s'associen \u00fanicament a un usuari i el seu ordinador i no proporcionen refer\u00e8ncies que permetin deduir dades personals de l'usuari. L'usuari podr\u00e0 configurar el seu navegador perqu\u00e8 notifiqui o rebutgi la instal\u00b7laci\u00f3 de les cookies enviades pel lloc web.<\/p>\n<\/div>\n\n\n\n\n\t\t\t<\/div> \n\t\t<\/div>\n\t<\/div> \n<\/div><\/div>\n\t\t<div id=\"fws_69e104c5907ed\"  data-column-margin=\"default\" data-midnight=\"dark\" data-top-percent=\"5%\" data-bottom-percent=\"5%\"  class=\"wpb_row vc_row-fluid vc_row full-width-section has-row-bg-color\"  style=\"padding-top: calc(100vw * 0.05); padding-bottom: calc(100vw * 0.05); --row-bg-color: #ffffff;\"><div class=\"row-bg-wrap\" data-bg-animation=\"none\" data-bg-animation-delay=\"\" data-bg-overlay=\"false\"><div class=\"inner-wrap row-bg-layer\" ><div class=\"row-bg viewport-desktop using-bg-color\"  style=\"background-color: #ffffff; \"><\/div><\/div><\/div><div class=\"row_col_wrap_12 col span_12 dark left\">\n\t<div  class=\"vc_col-sm-12 wpb_column column_container vc_column_container col no-extra-padding inherit_tablet inherit_phone\"  data-padding-pos=\"all\" data-has-bg-color=\"false\" data-bg-color=\"\" data-bg-opacity=\"1\" data-animation=\"\" data-delay=\"0\" >\n\t\t<div class=\"vc_column-inner\" >\n\t\t\t<div class=\"wpb_wrapper\">\n\t\t\t\t<div class=\"col span_12 section-title text-align-center extra-padding\"><h2>\n<h2>Per qu\u00e8 s\u00f3n importants?<\/h2>\n<\/h2><\/div><div class=\"clear\"><\/div>\n<div class=\"wpb_text_column wpb_content_element\" >\n\t<p style=\"text-align: justify;\">Les cookies s\u00f3n \u00fatils per diversos motius. Des d'un punt de vista t\u00e8cnic, permeten que les p\u00e0gines web funcionin de forma m\u00e9s \u00e0gil i adaptada a les prefer\u00e8ncies de l'usuari com, per exemple, emmagatzemar el seu idioma o la moneda del seu pa\u00eds. A m\u00e9s, ajuden els responsables dels llocs web a millorar els serveis que ofereixen, gr\u00e0cies a la informaci\u00f3 estad\u00edstica que recullen a trav\u00e9s d'elles. Finalment, serveixen per a fer m\u00e9s eficient la publicitat que li vam mostrar, gr\u00e0cies a la qual li podem oferir serveis de manera gratu\u00efta.<\/p>\n<\/div>\n\n\n\n\n\t\t\t<\/div> \n\t\t<\/div>\n\t<\/div> \n<\/div><\/div>\n\t\t<div id=\"fws_69e104c590cde\"  data-column-margin=\"default\" data-midnight=\"dark\" data-top-percent=\"5%\" data-bottom-percent=\"5%\"  class=\"wpb_row vc_row-fluid vc_row full-width-section has-row-bg-color\"  style=\"padding-top: calc(100vw * 0.05); padding-bottom: calc(100vw * 0.05); --row-bg-color: #ffffff;\"><div class=\"row-bg-wrap\" data-bg-animation=\"none\" data-bg-animation-delay=\"\" data-bg-overlay=\"false\"><div class=\"inner-wrap row-bg-layer\" ><div class=\"row-bg viewport-desktop using-bg-color\"  style=\"background-color: #ffffff; \"><\/div><\/div><\/div><div class=\"row_col_wrap_12 col span_12 dark left\">\n\t<div  class=\"vc_col-sm-12 wpb_column column_container vc_column_container col no-extra-padding inherit_tablet inherit_phone\"  data-padding-pos=\"all\" data-has-bg-color=\"false\" data-bg-color=\"\" data-bg-opacity=\"1\" data-animation=\"\" data-delay=\"0\" >\n\t\t<div class=\"vc_column-inner\" >\n\t\t\t<div class=\"wpb_wrapper\">\n\t\t\t\t<div class=\"col span_12 section-title text-align-center extra-padding\"><h2>\n<h2>Com utilitzem les cookies?<\/h2>\n<\/h2><\/div><div class=\"clear\"><\/div>\n<div class=\"wpb_text_column wpb_content_element\" >\n\t<p style=\"text-align: justify;\">Navegar per aquesta web suposa que es puguin instal\u00b7lar els seg\u00fcents tipus de cookies:<\/p>\n<p style=\"text-align: justify;\"><strong>Cookies de millora del rendiment<\/strong><\/p>\n<p style=\"text-align: justify;\">Aquest tipus de cookies conserva les seves prefer\u00e8ncies per a unes certes eines o serveis perqu\u00e8 no hagi de reconfigurar-los cada vegada que visita el nostre portal i, en alguns casos, poden ser aportades per tercers. Alguns exemples d'aquesta mena de cookies s\u00f3n: ajust del volum dels reproductors audiovisuals, prefer\u00e8ncies d'ordenaci\u00f3 d'articles o velocitats de reproducci\u00f3 de v\u00eddeo compatibles. En el cas de comer\u00e7 electr\u00f2nic, permeten mantenir informaci\u00f3 sobre la seva cistella de la compra.<\/p>\n<p style=\"text-align: justify;\"><strong>Cookies d'an\u00e0lisi estad\u00edstica<\/strong><\/p>\n<p style=\"text-align: justify;\">S\u00f3n aquelles que, ben tractades per nosaltres o per tercers, permeten quantificar el nombre de visitants i analitzar estad\u00edsticament la utilitzaci\u00f3 que fan els usuaris dels nostres serveis. Gr\u00e0cies a elles podem estudiar la navegaci\u00f3 per la nostra p\u00e0gina web i millorar aix\u00ed l'oferta de productes o serveis que oferim. Aquestes cookies no aniran associades a cap dada de car\u00e0cter personal que pugui identificar a l'usuari, donant informaci\u00f3 sobre el comportament de navegaci\u00f3 de manera an\u00f2nima.<\/p>\n<p style=\"text-align: justify;\"><strong>Cookies de geolocalitzaci\u00f3<\/strong><\/p>\n<p style=\"text-align: justify;\">Aquestes cookies s\u00f3n usades per programes que intenten localitzar geogr\u00e0ficament la situaci\u00f3 de l'ordinador, tel\u00e8fon intel\u00b7ligent, tauleta o televisi\u00f3 connectada, per a de manera totalment an\u00f2nima oferir-li continguts i serveis m\u00e9s adequats.<\/p>\n<p style=\"text-align: justify;\"><strong>Cookies de registre<\/strong><\/p>\n<p style=\"text-align: justify;\">S\u00f3n cookies que li identifiquen com a usuari registrat i indiquen quan vost\u00e8 s'ha identificat en la web. Aquestes cookies s\u00f3n utilitzades per a identificar el seu compte d'usuari i els seus serveis associats, facilitant aix\u00ed la seva navegaci\u00f3. Aquestes cookies es mantenen mentre vost\u00e8 no abandoni el compte, tancament el navegador o apagui el dispositiu. Aquestes cookies poden ser utilitzades en combinaci\u00f3 amb dades anal\u00edtiques per a identificar de manera individual les seves prefer\u00e8ncies en el nostre portal.<\/p>\n<p style=\"text-align: justify;\"><strong>Cookies publicit\u00e0ries<\/strong><\/p>\n<p style=\"text-align: justify;\">S\u00f3n aquelles que, ben tractades per nosaltres o per tercers, permeten gestionar efica\u00e7ment els espais publicitaris del nostre lloc web, adequant el contingut de l'anunci al contingut del servei sol\u00b7licitat o a l'\u00fas que realitzi de la nostra p\u00e0gina web. Gr\u00e0cies a ella podem con\u00e8ixer els seus h\u00e0bits de navegaci\u00f3 en internet i mostrar-li publicitat relacionada amb el seu perfil de navegaci\u00f3.<\/p>\n<p style=\"text-align: justify;\"><strong>Altres cookies de tercers<\/strong><\/p>\n<p style=\"text-align: justify;\">En algunes de les nostres p\u00e0gines es poden instal\u00b7lar cookies de tercers que permetin gestionar i millorar els serveis que aquests ofereixen. Un exemple d'aquest \u00fas s\u00f3n els enlla\u00e7os a les xarxes socials que permeten compartir els nostres continguts.<\/p>\n<\/div>\n\n\n\n\n\t\t\t<\/div> \n\t\t<\/div>\n\t<\/div> \n<\/div><\/div>\n\t\t<div id=\"fws_69e104c591208\"  data-column-margin=\"default\" data-midnight=\"dark\" data-top-percent=\"5%\" data-bottom-percent=\"5%\"  class=\"wpb_row vc_row-fluid vc_row full-width-section has-row-bg-color\"  style=\"padding-top: calc(100vw * 0.05); padding-bottom: calc(100vw * 0.05); --row-bg-color: #ffffff;\"><div class=\"row-bg-wrap\" data-bg-animation=\"none\" data-bg-animation-delay=\"\" data-bg-overlay=\"false\"><div class=\"inner-wrap row-bg-layer\" ><div class=\"row-bg viewport-desktop using-bg-color\"  style=\"background-color: #ffffff; \"><\/div><\/div><\/div><div class=\"row_col_wrap_12 col span_12 dark left\">\n\t<div  class=\"vc_col-sm-12 wpb_column column_container vc_column_container col no-extra-padding inherit_tablet inherit_phone\"  data-padding-pos=\"all\" data-has-bg-color=\"false\" data-bg-color=\"\" data-bg-opacity=\"1\" data-animation=\"\" data-delay=\"0\" >\n\t\t<div class=\"vc_column-inner\" >\n\t\t\t<div class=\"wpb_wrapper\">\n\t\t\t\t<div class=\"col span_12 section-title text-align-center extra-padding\"><h2>\n<h2>Com puc configurar les meves prefer\u00e8ncies?<\/h2>\n<\/h2><\/div><div class=\"clear\"><\/div>\n<div class=\"wpb_text_column wpb_content_element\" >\n\t<p style=\"text-align: justify;\">Vost\u00e8 pot permetre, bloquejar o eliminar les cookies instal\u00b7lades en el seu equip mitjan\u00e7ant la configuraci\u00f3 de les opcions del seu navegador d'internet.<\/p>\n<p style=\"text-align: justify;\">A continuaci\u00f3 li oferim enlla\u00e7os en els quals trobar\u00e0 informaci\u00f3 sobre com pot activar les seves prefer\u00e8ncies en els principals navegadors:<\/p>\n<ul>\n<li style=\"text-align: justify;\"><a href=\"http:\/\/support.google.com\/chrome\/bin\/answer.py?hl=es&amp;answer=95647\" target=\"_blank\" rel=\"noopener noreferrer\">Google Chrome<\/a><\/li>\n<li style=\"text-align: justify;\"><a href=\"http:\/\/support.mozilla.org\/es\/kb\/cookies-informacion-que-los-sitios-web-guardan-en-?redirectlocale=en-US&amp;redirectslug=Cookies\" target=\"_blank\" rel=\"noopener noreferrer\">Mozilla Firefox<\/a><\/li>\n<li style=\"text-align: justify;\"><a href=\"http:\/\/support.microsoft.com\/kb\/196955\/es\" target=\"_blank\" rel=\"noopener noreferrer\">Internet Explorer<\/a><\/li>\n<li style=\"text-align: justify;\"><a href=\"http:\/\/docs.info.apple.com\/article.html?path=Safari\/3.0\/fr\/9277.html\" target=\"_blank\" rel=\"noopener noreferrer\">Safari<\/a><\/li>\n<li style=\"text-align: justify;\"><a href=\"http:\/\/support.apple.com\/kb\/HT1677?viewlocale=es_ES\" target=\"_blank\" rel=\"noopener noreferrer\">Safari para IOS<\/a>\u00a0(iPhone, iPad)<\/li>\n<\/ul>\n<\/div>\n\n\n\n\n\t\t\t<\/div> \n\t\t<\/div>\n\t<\/div> \n<\/div><\/div>\n\t\t<div id=\"fws_69e104c59172e\"  data-column-margin=\"default\" data-midnight=\"dark\" data-top-percent=\"5%\" data-bottom-percent=\"5%\"  class=\"wpb_row vc_row-fluid vc_row full-width-section has-row-bg-color\"  style=\"padding-top: calc(100vw * 0.05); padding-bottom: calc(100vw * 0.05); --row-bg-color: #ffffff;\"><div class=\"row-bg-wrap\" data-bg-animation=\"none\" data-bg-animation-delay=\"\" data-bg-overlay=\"false\"><div class=\"inner-wrap row-bg-layer\" ><div class=\"row-bg viewport-desktop using-bg-color\"  style=\"background-color: #ffffff; \"><\/div><\/div><\/div><div class=\"row_col_wrap_12 col span_12 dark left\">\n\t<div  class=\"vc_col-sm-12 wpb_column column_container vc_column_container col no-extra-padding inherit_tablet inherit_phone\"  data-padding-pos=\"all\" data-has-bg-color=\"false\" data-bg-color=\"\" data-bg-opacity=\"1\" data-animation=\"\" data-delay=\"0\" >\n\t\t<div class=\"vc_column-inner\" >\n\t\t\t<div class=\"wpb_wrapper\">\n\t\t\t\t<div class=\"col span_12 section-title text-align-center extra-padding\"><h2>\n<h2>Qu\u00e8 ocorre si es deshabiliten les cookies?<\/h2>\n<\/h2><\/div><div class=\"clear\"><\/div>\n<div class=\"wpb_text_column wpb_content_element\" >\n\t<p>En el cas de bloquejar o no acceptar la instal\u00b7laci\u00f3 de cookies \u00e9s possible que uns certs serveis oferts pel nostre lloc web que necessiten el seu \u00fas quedin deshabilitats i, per tant, no estiguin disponibles per a vost\u00e8 pel que no podr\u00e0 aprofitar per complet tot el que la nostra web i aplicacions li ofereixen. \u00c9s possible tamb\u00e9 que la qualitat de funcionament de la p\u00e0gina web pugui disminuir.<\/p>\n<\/div>\n\n\n\n\n\t\t\t<\/div> \n\t\t<\/div>\n\t<\/div> \n<\/div><\/div>\n\t\t<div id=\"fws_69e104c591c09\"  data-column-margin=\"default\" data-midnight=\"dark\" data-top-percent=\"5%\" data-bottom-percent=\"5%\"  class=\"wpb_row vc_row-fluid vc_row full-width-section has-row-bg-color\"  style=\"padding-top: calc(100vw * 0.05); padding-bottom: calc(100vw * 0.05); --row-bg-color: #ffffff;\"><div class=\"row-bg-wrap\" data-bg-animation=\"none\" data-bg-animation-delay=\"\" data-bg-overlay=\"false\"><div class=\"inner-wrap row-bg-layer\" ><div class=\"row-bg viewport-desktop using-bg-color\"  style=\"background-color: #ffffff; \"><\/div><\/div><\/div><div class=\"row_col_wrap_12 col span_12 dark left\">\n\t<div  class=\"vc_col-sm-12 wpb_column column_container vc_column_container col no-extra-padding inherit_tablet inherit_phone\"  data-padding-pos=\"all\" data-has-bg-color=\"false\" data-bg-color=\"\" data-bg-opacity=\"1\" data-animation=\"\" data-delay=\"0\" >\n\t\t<div class=\"vc_column-inner\" >\n\t\t\t<div class=\"wpb_wrapper\">\n\t\t\t\t<div class=\"col span_12 section-title text-align-center extra-padding\"><h2>\n<h2>Acceptaci\u00f3 de cookies<\/h2>\n<\/h2><\/div><div class=\"clear\"><\/div>\n<div class=\"wpb_text_column wpb_content_element\" >\n\t<p style=\"text-align: justify;\">Si vost\u00e8 continua navegant despr\u00e9s d'haver-li informat sobre la nostra Pol\u00edtica de cookies entenem que accepta la utilitzaci\u00f3 de les cookies.<br \/>\nEn accedir a aquest lloc web o aplicaci\u00f3 per primera vegada, veur\u00e0 una finestra on se l'informa de la utilitzaci\u00f3 de les cookies i on pot consultar aquesta pol\u00edtica de cookies. Si vost\u00e8 consent la utilitzaci\u00f3 de cookies, continua navegant o fa clic en algun link s'entendr\u00e0 que vost\u00e8 ha consentit la nostra pol\u00edtica de cookies i, per tant, la instal\u00b7laci\u00f3 de les mateixes en el seu equip o dispositiu.<\/p>\n<p style=\"text-align: justify;\">A m\u00e9s de l'\u00fas de les nostres cookies pr\u00f2pies, permetem a tercers establir cookies i accedir a elles en el seu ordinador. El consentiment de l'\u00fas de les cookies d'aquesta empresa est\u00e0 lligat a la navegaci\u00f3 per aquest lloc web.<\/p>\n<p style=\"text-align: justify;\">Per a qualsevol consulta sobre l'\u00fas de cookies en el nostre lloc web pots dirigir-te al tel\u00e8fon 973 725 093.<\/p>\n<\/div>\n\n\n\n\n\t\t\t<\/div> \n\t\t<\/div>\n\t<\/div> \n<\/div><\/div>","protected":false},"excerpt":{"rendered":"Este portal, al igual que la mayor\u00eda de portales en Internet, usa cookies para mejorar la experiencia de navegaci\u00f3n del usuario. Las cookies personalizan los...","protected":false},"author":1,"featured_media":0,"parent":0,"menu_order":0,"comment_status":"closed","ping_status":"closed","template":"","meta":{"_joinchat":[],"footnotes":""},"class_list":["post-6180","page","type-page","status-publish"],"_links":{"self":[{"href":"https:\/\/dentalspa.life\/ca\/wp-json\/wp\/v2\/pages\/6180","targetHints":{"allow":["GET"]}}],"collection":[{"href":"https:\/\/dentalspa.life\/ca\/wp-json\/wp\/v2\/pages"}],"about":[{"href":"https:\/\/dentalspa.life\/ca\/wp-json\/wp\/v2\/types\/page"}],"author":[{"embeddable":true,"href":"https:\/\/dentalspa.life\/ca\/wp-json\/wp\/v2\/users\/1"}],"replies":[{"embeddable":true,"href":"https:\/\/dentalspa.life\/ca\/wp-json\/wp\/v2\/comments?post=6180"}],"version-history":[{"count":0,"href":"https:\/\/dentalspa.life\/ca\/wp-json\/wp\/v2\/pages\/6180\/revisions"}],"wp:attachment":[{"href":"https:\/\/dentalspa.life\/ca\/wp-json\/wp\/v2\/media?parent=6180"}],"curies":[{"name":"wp","href":"https:\/\/api.w.org\/{rel}","templated":true}]}}