{"id":6258,"date":"2020-06-10T14:14:40","date_gmt":"2020-06-10T14:14:40","guid":{"rendered":"https:\/\/dentalspa.life\/?page_id=6258"},"modified":"2025-11-04T07:58:09","modified_gmt":"2025-11-04T07:58:09","slug":"periodoncia","status":"publish","type":"page","link":"https:\/\/dentalspa.life\/ca\/periodoncia\/","title":{"rendered":"Period\u00f2ncia"},"content":{"rendered":"<div id=\"fws_69e10f310e08f\"  data-column-margin=\"default\" data-midnight=\"dark\" data-top-percent=\"10%\" data-bottom-percent=\"10%\"  class=\"wpb_row vc_row-fluid vc_row full-width-section\"  style=\"padding-top: calc(100vw * 0.10); padding-bottom: calc(100vw * 0.10); \"><div class=\"row-bg-wrap\" data-bg-animation=\"none\" data-bg-animation-delay=\"\" data-bg-overlay=\"false\"><div class=\"inner-wrap row-bg-layer using-image\" ><div class=\"row-bg viewport-desktop using-image\"  style=\"background-image: url(https:\/\/dentalspa.life\/wp-content\/uploads\/2020\/06\/joanna-kosinska-kKfVAvdBsAw-unsplash-BN-scaled.jpg); background-position: center center; background-repeat: no-repeat; \"><\/div><\/div><\/div><div class=\"row_col_wrap_12 col span_12 dark left\">\n\t<div  class=\"vc_col-sm-12 wpb_column column_container vc_column_container col centered-text no-extra-padding inherit_tablet inherit_phone\"  data-padding-pos=\"all\" data-has-bg-color=\"false\" data-bg-color=\"\" data-bg-opacity=\"1\" data-animation=\"\" data-delay=\"0\" >\n\t\t<div class=\"vc_column-inner\" >\n\t\t\t<div class=\"wpb_wrapper\">\n\t\t\t\t<div class=\"nectar-highlighted-text\" data-style=\"half_text\" data-exp=\"default\" data-user-color=\"true\" style=\"color: #ffffff;\" data-using-custom-color=\"true\" data-animation-delay=\"false\" data-color=\"#b8c83f\" data-color-gradient=\"rgba(255,255,255,0.01)\"><h1><em>Period\u00f2ncia<\/em><\/h1>\n<\/div>\n\t\t\t<\/div> \n\t\t<\/div>\n\t<\/div> \n<\/div><\/div>\n\t\t<div id=\"fws_69e10f310e761\"  data-column-margin=\"default\" data-midnight=\"dark\" data-top-percent=\"5%\" data-bottom-percent=\"5%\"  class=\"wpb_row vc_row-fluid vc_row full-width-section has-row-bg-color\"  style=\"padding-top: calc(100vw * 0.05); padding-bottom: calc(100vw * 0.05); --row-bg-color: #241a13;\"><div class=\"row-bg-wrap\" data-bg-animation=\"none\" data-bg-animation-delay=\"\" data-bg-overlay=\"false\"><div class=\"inner-wrap row-bg-layer\" ><div class=\"row-bg viewport-desktop using-bg-color\"  style=\"background-color: #241a13; \"><\/div><\/div><\/div><div class=\"row_col_wrap_12 col span_12 dark left\">\n\t<div  class=\"vc_col-sm-6 wpb_column column_container vc_column_container col no-extra-padding inherit_tablet inherit_phone\"  data-padding-pos=\"all\" data-has-bg-color=\"false\" data-bg-color=\"\" data-bg-opacity=\"1\" data-animation=\"\" data-delay=\"0\" >\n\t\t<div class=\"vc_column-inner\" >\n\t\t\t<div class=\"wpb_wrapper\">\n\t\t\t\t<div class=\"nectar-highlighted-text font_size_6vh\" data-style=\"half_text\" data-exp=\"default\" data-user-color=\"true\" style=\"color: #ffffff;\" data-using-custom-color=\"true\" data-animation-delay=\"false\" data-color=\"#b8c83f\" data-color-gradient=\"rgba(255,255,255,0.01)\"><h2>Qu\u00e8 \u00e9s <em>la period\u00f2ncia<\/em>?<\/h2>\n<\/div><div class=\"divider-wrap\" data-alignment=\"default\"><div style=\"margin-top: 12.5px; width: 20%; height: 3px; margin-bottom: 12.5px;\" data-width=\"20%\" data-animate=\"yes\" data-animation-delay=\"\" data-color=\"accent-color\" class=\"divider-small-border\"><\/div><\/div>\n<div class=\"wpb_text_column wpb_content_element\" >\n\t<p><span style=\"color: #ffffff;\">La period\u00f2ncia \u00e9s l'especialitat dental que s'ocupa de <strong>prevenir, diagnosticar i tractar les malalties de les genives<\/strong> i de l'os que subjecten les dents. Les malalties periodontals m\u00e9s comunes s\u00f3n la gingivitis i la periodontitis.<\/span><\/p>\n<p><span style=\"color: #ffffff;\">La gingivitis, \u00e9s una malaltia periodontal cr\u00f2nica i indolora que provoca la inflamaci\u00f3 de les genives. \u00c9s una malaltia amb alta prevalen\u00e7a en la societat actual, segons els grups d'edat la seva freq\u00fc\u00e8ncia pot estar al voltant d'un 60% de la poblaci\u00f3 en major o menor mesura i si no es tracta pot donar lloc a la periodontitis.<\/span><\/p>\n<p><span style=\"color: #ffffff;\">Finalment, la periodontitis \u00e9s una malaltia indolora que afecta la geniva i produeix la p\u00e8rdua de l'os que envolta a les dents, afavorint la mobilitat i posterior p\u00e8rdua dental.<\/span><\/p>\n<\/div>\n\n\n\n\n\t\t\t<\/div> \n\t\t<\/div>\n\t<\/div> \n\n\t<div  class=\"vc_col-sm-6 wpb_column column_container vc_column_container col no-extra-padding inherit_tablet inherit_phone\"  data-padding-pos=\"all\" data-has-bg-color=\"false\" data-bg-color=\"\" data-bg-opacity=\"1\" data-animation=\"\" data-delay=\"0\" >\n\t\t<div class=\"vc_column-inner\" >\n\t\t\t<div class=\"wpb_wrapper\">\n\t\t\t\t<div class=\"img-with-aniamtion-wrap\" data-max-width=\"100%\" data-max-width-mobile=\"default\" data-shadow=\"none\" data-animation=\"fade-in\" >\n      <div class=\"inner\">\n        <div class=\"hover-wrap\"> \n          <div class=\"hover-wrap-inner\">\n            <img loading=\"lazy\" decoding=\"async\" class=\"img-with-animation skip-lazy\" data-delay=\"0\" height=\"667\" width=\"1000\" data-animation=\"fade-in\" src=\"https:\/\/dentalspa.life\/wp-content\/uploads\/2020\/06\/antonino-visalli-RNiBLy7aHck-unsplash-BN.jpg\" alt=\"\" srcset=\"https:\/\/dentalspa.life\/wp-content\/uploads\/2020\/06\/antonino-visalli-RNiBLy7aHck-unsplash-BN.jpg 1000w, https:\/\/dentalspa.life\/wp-content\/uploads\/2020\/06\/antonino-visalli-RNiBLy7aHck-unsplash-BN-300x200.jpg 300w, https:\/\/dentalspa.life\/wp-content\/uploads\/2020\/06\/antonino-visalli-RNiBLy7aHck-unsplash-BN-768x512.jpg 768w, https:\/\/dentalspa.life\/wp-content\/uploads\/2020\/06\/antonino-visalli-RNiBLy7aHck-unsplash-BN-900x600.jpg 900w\" sizes=\"auto, (max-width: 1000px) 100vw, 1000px\" \/>\n          <\/div>\n        <\/div>\n        \n      <\/div>\n    <\/div>\n\t\t\t<\/div> \n\t\t<\/div>\n\t<\/div> \n<\/div><\/div>\n\t\t<div id=\"fws_69e10f310f308\"  data-column-margin=\"60px\" data-midnight=\"dark\" data-top-percent=\"2%\" data-bottom-percent=\"5%\"  class=\"wpb_row vc_row-fluid vc_row full-width-section has-row-bg-color  reverse_columns_column_phone\"  style=\"padding-top: calc(100vw * 0.02); padding-bottom: calc(100vw * 0.05); --row-bg-color: #241a13;\"><div class=\"row-bg-wrap\" data-bg-animation=\"none\" data-bg-animation-delay=\"\" data-bg-overlay=\"false\"><div class=\"inner-wrap row-bg-layer\" ><div class=\"row-bg viewport-desktop using-bg-color\"  style=\"background-color: #241a13; \"><\/div><\/div><\/div><div class=\"row_col_wrap_12 col span_12 dark left\">\n\t<div  class=\"vc_col-sm-6 wpb_column column_container vc_column_container col no-extra-padding inherit_tablet inherit_phone\"  data-padding-pos=\"all\" data-has-bg-color=\"false\" data-bg-color=\"\" data-bg-opacity=\"1\" data-animation=\"\" data-delay=\"0\" >\n\t\t<div class=\"vc_column-inner\" >\n\t\t\t<div class=\"wpb_wrapper\">\n\t\t\t\t<div class=\"img-with-aniamtion-wrap\" data-max-width=\"100%\" data-max-width-mobile=\"default\" data-shadow=\"none\" data-animation=\"fade-in\" >\n      <div class=\"inner\">\n        <div class=\"hover-wrap\"> \n          <div class=\"hover-wrap-inner\">\n            <img loading=\"lazy\" decoding=\"async\" class=\"img-with-animation skip-lazy\" data-delay=\"0\" height=\"700\" width=\"700\" data-animation=\"fade-in\" src=\"https:\/\/dentalspa.life\/wp-content\/uploads\/2020\/06\/jamie-brown-wm4DuvIpLj8-unsplashBN.jpg\" alt=\"\" srcset=\"https:\/\/dentalspa.life\/wp-content\/uploads\/2020\/06\/jamie-brown-wm4DuvIpLj8-unsplashBN.jpg 700w, https:\/\/dentalspa.life\/wp-content\/uploads\/2020\/06\/jamie-brown-wm4DuvIpLj8-unsplashBN-300x300.jpg 300w, https:\/\/dentalspa.life\/wp-content\/uploads\/2020\/06\/jamie-brown-wm4DuvIpLj8-unsplashBN-150x150.jpg 150w, https:\/\/dentalspa.life\/wp-content\/uploads\/2020\/06\/jamie-brown-wm4DuvIpLj8-unsplashBN-100x100.jpg 100w, https:\/\/dentalspa.life\/wp-content\/uploads\/2020\/06\/jamie-brown-wm4DuvIpLj8-unsplashBN-140x140.jpg 140w, https:\/\/dentalspa.life\/wp-content\/uploads\/2020\/06\/jamie-brown-wm4DuvIpLj8-unsplashBN-500x500.jpg 500w, https:\/\/dentalspa.life\/wp-content\/uploads\/2020\/06\/jamie-brown-wm4DuvIpLj8-unsplashBN-350x350.jpg 350w\" sizes=\"auto, (max-width: 700px) 100vw, 700px\" \/>\n          <\/div>\n        <\/div>\n        \n      <\/div>\n    <\/div>\n\t\t\t<\/div> \n\t\t<\/div>\n\t<\/div> \n\n\t<div  class=\"vc_col-sm-6 wpb_column column_container vc_column_container col no-extra-padding inherit_tablet inherit_phone\"  data-padding-pos=\"all\" data-has-bg-color=\"false\" data-bg-color=\"\" data-bg-opacity=\"1\" data-animation=\"\" data-delay=\"0\" >\n\t\t<div class=\"vc_column-inner\" >\n\t\t\t<div class=\"wpb_wrapper\">\n\t\t\t\t<div class=\"nectar-highlighted-text font_size_6vh\" data-style=\"half_text\" data-exp=\"default\" data-user-color=\"true\" style=\"color: #ffffff;\" data-using-custom-color=\"true\" data-animation-delay=\"false\" data-color=\"#b8c83f\" data-color-gradient=\"rgba(255,255,255,0.01)\"><h2>Com tenir les genives sempre <em>sanes<\/em>?<\/h2>\n<\/div><div class=\"divider-wrap\" data-alignment=\"default\"><div style=\"margin-top: 12.5px; width: 20%; height: 3px; margin-bottom: 12.5px;\" data-width=\"20%\" data-animate=\"yes\" data-animation-delay=\"\" data-color=\"accent-color\" class=\"divider-small-border\"><\/div><\/div>\n<div class=\"wpb_text_column wpb_content_element\" >\n\t<p><span style=\"color: #ffffff;\">La cura de les genives \u00e9s una de les tasques m\u00e9s importants <strong>si vols mantenir una dentici\u00f3 <\/strong>sana durant molts anys. Per a aix\u00f2 \u00e9s fonamental mantenir una correcta higiene bucodental de manera di\u00e0ria, sent la t\u00e8cnica en aquest cas molt important.<\/span><\/p>\n<p><span style=\"color: #ffffff;\">A m\u00e9s, \u00e9s imprescindible acudir a l'especialista qui realitzar\u00e0 revisions peri\u00f2diques no sols de les nostres dents, sin\u00f3 tamb\u00e9 de la salut de les nostres genives, ja que el raspallat com\u00fa no \u00e9s suficient per a evitar l'acumulaci\u00f3 de bacteri, i per a aix\u00f2 s\u00f3n necessaris diferents tractament periodontals.<\/span><\/p>\n<p><span style=\"color: #ffffff;\">En DentalSPA estem especialitzats entre altres camps, en la Periodoncia. T'oferim en els nostres centres els millors especialistes que tractaran el teu gengivitis o periodontitis de manera efica\u00e7 i eficient.<\/span><\/p>\n<\/div>\n\n\n\n\n\t\t\t<\/div> \n\t\t<\/div>\n\t<\/div> \n<\/div><\/div>\n\t\t<div id=\"fws_69e10f310fd7c\"  data-column-margin=\"default\" data-midnight=\"dark\" data-top-percent=\"5%\" data-bottom-percent=\"5%\"  class=\"wpb_row vc_row-fluid vc_row full-width-section has-row-bg-color\"  style=\"padding-top: calc(100vw * 0.05); padding-bottom: calc(100vw * 0.05); --row-bg-color: #ffffff;\"><div class=\"row-bg-wrap\" data-bg-animation=\"none\" data-bg-animation-delay=\"\" data-bg-overlay=\"false\"><div class=\"inner-wrap row-bg-layer\" ><div class=\"row-bg viewport-desktop using-bg-color\"  style=\"background-color: #ffffff; \"><\/div><\/div><\/div><div class=\"row_col_wrap_12 col span_12 dark left\">\n\t<div style=\" color: #000000;\" class=\"vc_col-sm-6 wpb_column column_container vc_column_container col no-extra-padding inherit_tablet inherit_phone\" data-cfc=\"true\"  data-padding-pos=\"all\" data-has-bg-color=\"false\" data-bg-color=\"\" data-bg-opacity=\"1\" data-animation=\"\" data-delay=\"0\" >\n\t\t<div class=\"vc_column-inner\" >\n\t\t\t<div class=\"wpb_wrapper\">\n\t\t\t\t<div class=\"nectar-highlighted-text font_size_6vh\" data-style=\"half_text\" data-exp=\"default\" data-user-color=\"true\" style=\"color: #000000;\" data-using-custom-color=\"true\" data-animation-delay=\"false\" data-color=\"#b8c83f\" data-color-gradient=\"rgba(255,255,255,0.01)\"><h2>\u00bfPor qu\u00e9 acudir a <em>DentalSPA<\/em>?<\/h2>\n<\/div><div class=\"divider-wrap\" data-alignment=\"default\"><div style=\"margin-top: 12.5px; width: 20%; height: 3px; margin-bottom: 12.5px;\" data-width=\"20%\" data-animate=\"yes\" data-animation-delay=\"\" data-color=\"accent-color\" class=\"divider-small-border\"><\/div><\/div>\n<div class=\"wpb_text_column wpb_content_element\" >\n\t<p>A DentalSPA portem m\u00e9s de 25 anys millorant el somriure dels nostres pacients a trav\u00e9s de l'ortod\u00f2ncia. Som professionals compromesos amb un \u00fanic objectiu: millorar la salut bucodental dels nostres pacients.<\/p>\n<p>El teu tractament en DentalSPA ser\u00e0 un rec\u00e9s de pau enmig de la teva atrafegada vida, acudeix a qualsevol dels nostres centres i experimenta el plaer de tractar-se a DentalSPA. T'esperem!<\/p>\n<\/div>\n\n\n\n\n\t\t\t<\/div> \n\t\t<\/div>\n\t<\/div> \n\n\t<div  class=\"vc_col-sm-6 wpb_column column_container vc_column_container col no-extra-padding inherit_tablet inherit_phone\"  data-padding-pos=\"all\" data-has-bg-color=\"false\" data-bg-color=\"\" data-bg-opacity=\"1\" data-animation=\"\" data-delay=\"0\" >\n\t\t<div class=\"vc_column-inner\" >\n\t\t\t<div class=\"wpb_wrapper\">\n\t\t\t\t<div class=\"img-with-aniamtion-wrap\" data-max-width=\"100%\" data-max-width-mobile=\"default\" data-shadow=\"none\" data-animation=\"fade-in\" >\n      <div class=\"inner\">\n        <div class=\"hover-wrap\"> \n          <div class=\"hover-wrap-inner\">\n            <img loading=\"lazy\" decoding=\"async\" class=\"img-with-animation skip-lazy\" data-delay=\"0\" height=\"787\" width=\"1251\" data-animation=\"fade-in\" src=\"https:\/\/dentalspa.life\/wp-content\/uploads\/2020\/06\/b0000431_1-2.jpg\" alt=\"\" srcset=\"https:\/\/dentalspa.life\/wp-content\/uploads\/2020\/06\/b0000431_1-2.jpg 1251w, https:\/\/dentalspa.life\/wp-content\/uploads\/2020\/06\/b0000431_1-2-300x189.jpg 300w, https:\/\/dentalspa.life\/wp-content\/uploads\/2020\/06\/b0000431_1-2-1024x644.jpg 1024w, https:\/\/dentalspa.life\/wp-content\/uploads\/2020\/06\/b0000431_1-2-768x483.jpg 768w\" sizes=\"auto, (max-width: 1251px) 100vw, 1251px\" \/>\n          <\/div>\n        <\/div>\n        \n      <\/div>\n    <\/div>\n\t\t\t<\/div> \n\t\t<\/div>\n\t<\/div> \n<\/div><\/div>\n\t\t<div id=\"fws_69e10f31107e4\"  data-column-margin=\"default\" data-midnight=\"dark\" data-top-percent=\"3%\" data-bottom-percent=\"5%\"  class=\"wpb_row vc_row-fluid vc_row full-width-section has-row-bg-color\"  style=\"padding-top: calc(100vw * 0.03); padding-bottom: calc(100vw * 0.05); --row-bg-color: #ffffff;\"><div class=\"row-bg-wrap\" data-bg-animation=\"none\" data-bg-animation-delay=\"\" data-bg-overlay=\"false\"><div class=\"inner-wrap row-bg-layer\" ><div class=\"row-bg viewport-desktop using-bg-color\"  style=\"background-color: #ffffff; \"><\/div><\/div><\/div><div class=\"row_col_wrap_12 col span_12 dark left\">\n\t<div style=\" color: #000000;\" class=\"vc_col-sm-4 wpb_column column_container vc_column_container col no-extra-padding inherit_tablet inherit_phone\" data-cfc=\"true\"  data-padding-pos=\"all\" data-has-bg-color=\"false\" data-bg-color=\"\" data-bg-opacity=\"1\" data-animation=\"\" data-delay=\"0\" >\n\t\t<div class=\"vc_column-inner\" >\n\t\t\t<div class=\"wpb_wrapper\">\n\t\t\t\t<div class=\"nectar-highlighted-text font_size_6vh\" data-style=\"half_text\" data-exp=\"default\" data-user-color=\"true\" style=\"color: #000000;\" data-using-custom-color=\"true\" data-animation-delay=\"false\" data-color=\"#b8c83f\" data-color-gradient=\"rgba(255,255,255,0.01)\"><h2>Preguntes Freq\u00fcents<\/h2>\n<\/div><div class=\"divider-wrap\" data-alignment=\"default\"><div style=\"margin-top: 12.5px; width: 20%; height: 3px; margin-bottom: 12.5px;\" data-width=\"20%\" data-animate=\"yes\" data-animation-delay=\"\" data-color=\"accent-color\" class=\"divider-small-border\"><\/div><\/div>\n<div class=\"wpb_text_column wpb_content_element\" >\n\t<p>En aquesta secci\u00f3 responem a algunes dels dubtes m\u00e9s freq\u00fcents que els sorgeixen als nostres pacients a l'hora de realitzar un tractament de period\u00f2ncia.<\/p>\n<\/div>\n\n\n\n\n\t\t\t<\/div> \n\t\t<\/div>\n\t<\/div> \n\n\t<div  class=\"vc_col-sm-8 wpb_column column_container vc_column_container col no-extra-padding inherit_tablet inherit_phone\"  data-padding-pos=\"all\" data-has-bg-color=\"false\" data-bg-color=\"\" data-bg-opacity=\"1\" data-animation=\"\" data-delay=\"0\" >\n\t\t<div class=\"vc_column-inner\" >\n\t\t\t<div class=\"wpb_wrapper\">\n\t\t\t\t<div class=\"toggles\" data-br=\"\" data-starting=\"default\" data-style=\"minimal\"><div class=\"toggle default\" data-inner-wrap=\"true\"><h3 class=\"toggle-title\"><a href=\"#\" role=\"button\" class=\"toggle-heading\"><i role=\"presentation\" class=\"fa fa-plus\"><\/i>\u00c9s heredit\u00e0ria la malaltia periodontal?<\/a><\/h3><div><div class=\"inner-toggle-wrap\">\n<div class=\"wpb_text_column wpb_content_element\" >\n\t<p>L'element fonamental per a patir malaltia periodontal \u00e9s la predisposici\u00f3 individual i aquesta ve condicionada gen\u00e8ticament. \u00c9s un error pensar que nom\u00e9s la predisposici\u00f3 gen\u00e8tica \u00e9s suficient per a patir periodontitis, es necessita la pres\u00e8ncia de bacteris.<\/p>\n<p>Amb freq\u00fc\u00e8ncia les persones que pateixen periodontitis, sobretot les de formes m\u00e9s severes, troben afectats entre els seus pares o germans, la qual cosa parla del car\u00e0cter familiar-hereditari. El fet de ser tan freq\u00fcents, moltes vegades lleva pes a aquest element, per a ser considerades com a coincid\u00e8ncia familiar deguda a l'alta incid\u00e8ncia.<\/p>\n<p>Per tant, i considerant que avui dia poc podem fer per modificar la predisposici\u00f3 gen\u00e8tica, la manera de prevenir i tractar les periodontitis \u00e9s el control de la placa bacteriana.<\/p>\n<\/div>\n\n\n\n<\/div><\/div><\/div><div class=\"toggle default\" data-inner-wrap=\"true\"><h3 class=\"toggle-title\"><a href=\"#\" role=\"button\" class=\"toggle-heading\"><i role=\"presentation\" class=\"fa fa-plus\"><\/i>T\u00e9 influ\u00e8ncia la dieta en la salut de la geniva?<\/a><\/h3><div><div class=\"inner-toggle-wrap\">\n<div class=\"wpb_text_column wpb_content_element\" >\n\t<p>A difer\u00e8ncia de la c\u00e0ries dental, el tipus d'alimentaci\u00f3 no sembla jugar un paper important en la salut de la geniva, encara que probablement consumir aliments que facilitin l'acte higiene bucal com les fruites i verdures tingui un efecte benefici\u00f3s.<\/p>\n<\/div>\n\n\n\n<\/div><\/div><\/div><div class=\"toggle default\" data-inner-wrap=\"true\"><h3 class=\"toggle-title\"><a href=\"#\" role=\"button\" class=\"toggle-heading\"><i role=\"presentation\" class=\"fa fa-plus\"><\/i>Quina relaci\u00f3 guarden les malposicions dent\u00e0ries amb la malaltia periodontal?<\/a><\/h3><div><div class=\"inner-toggle-wrap\">\n<div class=\"wpb_text_column wpb_content_element\" >\n\t<p>En persones que tenen un gran compte amb la seva boca, les malposicions no comporten un major risc de patir periodontitis, per\u00f2 en persones menys atentes a la seva boca, les dents mal col\u00b7locades poden afavorir l'aparici\u00f3 de problemes de la geniva, tant gingivitis com a periodontitis, perqu\u00e8 la higiene es dificulta en aquests casos i els bacteris creixen millor.<\/p>\n<p>Sol ser recomanable que pacients tractats periodontalment, una vegada curats se sotmetin a un tractament per a col\u00b7locar correctament les seves dents, ja que millorar\u00e0 amb aix\u00f2 el seu pron\u00f2stic a llarg termini a m\u00e9s del benefici est\u00e8tic conseq\u00fcent.<\/p>\n<\/div>\n\n\n\n<\/div><\/div><\/div><div class=\"toggle default\" data-inner-wrap=\"true\"><h3 class=\"toggle-title\"><a href=\"#\" role=\"button\" class=\"toggle-heading\"><i role=\"presentation\" class=\"fa fa-plus\"><\/i>\u00c9s normal que la geniva sagni?<\/a><\/h3><div><div class=\"inner-toggle-wrap\">\n<div class=\"wpb_text_column wpb_content_element\" >\n\t<p>El signe que m\u00e9s preco\u00e7ment ens avisa de l'exist\u00e8ncia de problemes \u00e9s el sagnat espontani o al raspallat. Una geniva que sagna pot presentar una gingivitis (problema lleu) o periodontitis (problema greu), la difer\u00e8ncia entre totes dues situacions requereix una valoraci\u00f3 per part del dentista.<\/p>\n<p>A vegades apareix una tend\u00e8ncia augmentada al sagnat de geniva com en uns certs moments de la vida de la dona que posteriorment veurem.<\/p>\n<\/div>\n\n\n\n<\/div><\/div><\/div><\/div>\n\t\t\t<\/div> \n\t\t<\/div>\n\t<\/div> \n<\/div><\/div>\n\t\t<div id=\"fws_69e10f3111526\"  data-column-margin=\"default\" data-midnight=\"light\" data-top-percent=\"3%\" data-bottom-percent=\"5%\"  class=\"wpb_row vc_row-fluid vc_row full-width-section has-row-bg-color vc_row-o-equal-height vc_row-flex vc_row-o-content-middle\"  style=\"padding-top: calc(100vw * 0.03); padding-bottom: calc(100vw * 0.05); --row-bg-color: #1a120d;\"><div class=\"row-bg-wrap\" data-bg-animation=\"none\" data-bg-animation-delay=\"\" data-bg-overlay=\"false\"><div class=\"inner-wrap row-bg-layer\" ><div class=\"row-bg viewport-desktop using-bg-color\"  style=\"background-color: #1a120d; \"><\/div><\/div><\/div><div class=\"row_col_wrap_12 col span_12 light left\">\n\t<div  class=\"vc_col-sm-5 wpb_column column_container vc_column_container col no-extra-padding force-tablet-text-align-center force-phone-text-align-center inherit_tablet inherit_phone\"  data-padding-pos=\"all\" data-has-bg-color=\"false\" data-bg-color=\"\" data-bg-opacity=\"1\" data-animation=\"\" data-delay=\"0\" >\n\t\t<div class=\"vc_column-inner\" >\n\t\t\t<div class=\"wpb_wrapper\">\n\t\t\t\t<div class=\"nectar-highlighted-text\" data-style=\"half_text\" data-exp=\"default\" data-using-custom-color=\"true\" data-animation-delay=\"false\" data-color=\"#b8c83f\" data-color-gradient=\"rgba(255,255,255,0.01)\" style=\"\"><h2>Vols\u00a0<em>con\u00e8ixer-nos<\/em>?\u00bfVols veure <em>mes<\/em>?<\/h2>\n<\/div>\n\t\t\t<\/div> \n\t\t<\/div>\n\t<\/div> \n\n\t<div  class=\"vc_col-sm-1 wpb_column column_container vc_column_container col no-extra-padding force-tablet-text-align-center force-phone-text-align-center inherit_tablet inherit_phone\"  data-padding-pos=\"all\" data-has-bg-color=\"false\" data-bg-color=\"\" data-bg-opacity=\"1\" data-animation=\"\" data-delay=\"0\" >\n\t\t<div class=\"vc_column-inner\" >\n\t\t\t<div class=\"wpb_wrapper\">\n\t\t\t\t\n\t\t\t<\/div> \n\t\t<\/div>\n\t<\/div> \n\n\t<div  class=\"vc_col-sm-6 wpb_column column_container vc_column_container col no-extra-padding force-tablet-text-align-center force-phone-text-align-center inherit_tablet inherit_phone\"  data-padding-pos=\"all\" data-has-bg-color=\"false\" data-bg-color=\"\" data-bg-opacity=\"1\" data-animation=\"\" data-delay=\"0\" >\n\t\t<div class=\"vc_column-inner\" >\n\t\t\t<div class=\"wpb_wrapper\">\n\t\t\t\t<div id=\"fws_69e10f3111e83\" data-midnight=\"\" data-column-margin=\"default\" class=\"wpb_row vc_row-fluid vc_row inner_row\"  style=\"\"><div class=\"row-bg-wrap\"> <div class=\"row-bg\" ><\/div> <\/div><div class=\"row_col_wrap_12_inner col span_12  right\">\n\t<div  class=\"vc_col-sm-6 wpb_column column_container vc_column_container col child_column no-extra-padding inherit_tablet inherit_phone\"   data-padding-pos=\"all\" data-has-bg-color=\"false\" data-bg-color=\"\" data-bg-opacity=\"1\" data-animation=\"\" data-delay=\"0\" >\n\t\t<div class=\"vc_column-inner\" >\n\t\t<div class=\"wpb_wrapper\">\n\t\t\t<a class=\"nectar-button jumbo regular accent-color has-icon  regular-button\"  role=\"button\" style=\"\"  href=\"#abrircontactorapido\" data-color-override=\"false\" data-hover-color-override=\"false\" data-hover-text-color-override=\"#fff\"><span>Parlem<\/span><i  class=\"icon-button-arrow\"><\/i><\/a>\n\t\t<\/div> \n\t<\/div>\n\t<\/div> \n\n\t<div  class=\"vc_col-sm-6 wpb_column column_container vc_column_container col child_column no-extra-padding inherit_tablet inherit_phone\"   data-padding-pos=\"all\" data-has-bg-color=\"false\" data-bg-color=\"\" data-bg-opacity=\"1\" data-animation=\"\" data-delay=\"0\" >\n\t\t<div class=\"vc_column-inner\" >\n\t\t<div class=\"wpb_wrapper\">\n\t\t\t<a class=\"nectar-button jumbo see-through-2  has-icon\"  role=\"button\" style=\"border-color: #ffffff; color: #ffffff;\"  href=\"\/ca\/tratamientos-acabados\/\" data-color-override=\"#ffffff\"  data-hover-color-override=\"#ffffff\" data-hover-text-color-override=\"#000000\"><span>Tractaments Acabats<\/span><i  class=\"icon-button-arrow\"><\/i><\/a>\n\t\t<\/div> \n\t<\/div>\n\t<\/div> \n<\/div><\/div>\n\t\t\t<\/div> \n\t\t<\/div>\n\t<\/div> \n<\/div><\/div>","protected":false},"excerpt":{"rendered":"Periodoncia \u00bfQu\u00e9 es la periodoncia? La periodoncia es la especialidad dental que se ocupa de prevenir, diagnosticar y tratar las enfermedades de las enc\u00edas y...","protected":false},"author":1,"featured_media":6184,"parent":0,"menu_order":0,"comment_status":"closed","ping_status":"closed","template":"","meta":{"_joinchat":[],"footnotes":""},"class_list":["post-6258","page","type-page","status-publish","has-post-thumbnail"],"_links":{"self":[{"href":"https:\/\/dentalspa.life\/ca\/wp-json\/wp\/v2\/pages\/6258","targetHints":{"allow":["GET"]}}],"collection":[{"href":"https:\/\/dentalspa.life\/ca\/wp-json\/wp\/v2\/pages"}],"about":[{"href":"https:\/\/dentalspa.life\/ca\/wp-json\/wp\/v2\/types\/page"}],"author":[{"embeddable":true,"href":"https:\/\/dentalspa.life\/ca\/wp-json\/wp\/v2\/users\/1"}],"replies":[{"embeddable":true,"href":"https:\/\/dentalspa.life\/ca\/wp-json\/wp\/v2\/comments?post=6258"}],"version-history":[{"count":1,"href":"https:\/\/dentalspa.life\/ca\/wp-json\/wp\/v2\/pages\/6258\/revisions"}],"predecessor-version":[{"id":8511,"href":"https:\/\/dentalspa.life\/ca\/wp-json\/wp\/v2\/pages\/6258\/revisions\/8511"}],"wp:featuredmedia":[{"embeddable":true,"href":"https:\/\/dentalspa.life\/ca\/wp-json\/wp\/v2\/media\/6184"}],"wp:attachment":[{"href":"https:\/\/dentalspa.life\/ca\/wp-json\/wp\/v2\/media?parent=6258"}],"curies":[{"name":"wp","href":"https:\/\/api.w.org\/{rel}","templated":true}]}}