{"id":6268,"date":"2020-06-10T14:34:53","date_gmt":"2020-06-10T14:34:53","guid":{"rendered":"https:\/\/dentalspa.life\/?page_id=6268"},"modified":"2025-11-04T07:58:02","modified_gmt":"2025-11-04T07:58:02","slug":"implantes","status":"publish","type":"page","link":"https:\/\/dentalspa.life\/ca\/implantes\/","title":{"rendered":"Implants"},"content":{"rendered":"<div id=\"fws_69e111f7568b5\"  data-column-margin=\"default\" data-midnight=\"dark\" data-top-percent=\"10%\" data-bottom-percent=\"10%\"  class=\"wpb_row vc_row-fluid vc_row full-width-section\"  style=\"padding-top: calc(100vw * 0.10); padding-bottom: calc(100vw * 0.10); \"><div class=\"row-bg-wrap\" data-bg-animation=\"none\" data-bg-animation-delay=\"\" data-bg-overlay=\"false\"><div class=\"inner-wrap row-bg-layer using-image\" ><div class=\"row-bg viewport-desktop using-image\"  style=\"background-image: url(https:\/\/dentalspa.life\/wp-content\/uploads\/2020\/06\/joanna-kosinska-kKfVAvdBsAw-unsplash-BN-scaled.jpg); background-position: center center; background-repeat: no-repeat; \"><\/div><\/div><\/div><div class=\"row_col_wrap_12 col span_12 dark left\">\n\t<div  class=\"vc_col-sm-12 wpb_column column_container vc_column_container col centered-text no-extra-padding inherit_tablet inherit_phone\"  data-padding-pos=\"all\" data-has-bg-color=\"false\" data-bg-color=\"\" data-bg-opacity=\"1\" data-animation=\"\" data-delay=\"0\" >\n\t\t<div class=\"vc_column-inner\" >\n\t\t\t<div class=\"wpb_wrapper\">\n\t\t\t\t<div class=\"nectar-highlighted-text\" data-style=\"half_text\" data-exp=\"default\" data-user-color=\"true\" style=\"color: #ffffff;\" data-using-custom-color=\"true\" data-animation-delay=\"false\" data-color=\"#b8c83f\" data-color-gradient=\"rgba(255,255,255,0.01)\"><h1><em>Implants<\/em> Dentals<\/h1>\n<\/div>\n\t\t\t<\/div> \n\t\t<\/div>\n\t<\/div> \n<\/div><\/div>\n\t\t<div id=\"fws_69e111f756f96\"  data-column-margin=\"default\" data-midnight=\"dark\" data-top-percent=\"5%\" data-bottom-percent=\"5%\"  class=\"wpb_row vc_row-fluid vc_row full-width-section has-row-bg-color\"  style=\"padding-top: calc(100vw * 0.05); padding-bottom: calc(100vw * 0.05); --row-bg-color: #241a13;\"><div class=\"row-bg-wrap\" data-bg-animation=\"none\" data-bg-animation-delay=\"\" data-bg-overlay=\"false\"><div class=\"inner-wrap row-bg-layer\" ><div class=\"row-bg viewport-desktop using-bg-color\"  style=\"background-color: #241a13; \"><\/div><\/div><\/div><div class=\"row_col_wrap_12 col span_12 dark left\">\n\t<div  class=\"vc_col-sm-6 wpb_column column_container vc_column_container col no-extra-padding inherit_tablet inherit_phone\"  data-padding-pos=\"all\" data-has-bg-color=\"false\" data-bg-color=\"\" data-bg-opacity=\"1\" data-animation=\"\" data-delay=\"0\" >\n\t\t<div class=\"vc_column-inner\" >\n\t\t\t<div class=\"wpb_wrapper\">\n\t\t\t\t<div class=\"nectar-highlighted-text font_size_6vh\" data-style=\"half_text\" data-exp=\"default\" data-user-color=\"true\" style=\"color: #ffffff;\" data-using-custom-color=\"true\" data-animation-delay=\"false\" data-color=\"#b8c83f\" data-color-gradient=\"rgba(255,255,255,0.01)\"><h2>Qu\u00e8 s\u00f3n els <em>implants<\/em>?<\/h2>\n<\/div><div class=\"divider-wrap\" data-alignment=\"default\"><div style=\"margin-top: 12.5px; width: 20%; height: 3px; margin-bottom: 12.5px;\" data-width=\"20%\" data-animate=\"yes\" data-animation-delay=\"\" data-color=\"accent-color\" class=\"divider-small-border\"><\/div><\/div>\n<div class=\"wpb_text_column wpb_content_element\" >\n\t<p><span style=\"color: #ffffff;\">Els implants dentals s\u00f3n una de les millors solucions que existeixen avui dia per a substituir la p\u00e8rdua d'una dent. Es tracta d'una petita pe\u00e7a de titani de material biocompatible que s'insereix en l'os mitjan\u00e7ant una intervenci\u00f3 quir\u00fargica.<\/span><br \/>\n<span style=\"color: #ffffff;\">A DentalSPA usem implants dentals de titani biocompatibles. Posteriorment, es col\u00b7locar\u00e0 una pr\u00f2tesi de diferents materials que substituir\u00e0 a la dent perduda.<\/span><br \/>\n<span style=\"color: #ffffff;\">En l'apartat inferior de preguntes freq\u00fcents trobar\u00e0s m\u00e9s informaci\u00f3<\/span><\/p>\n<\/div>\n\n\n\n\n\t\t\t<\/div> \n\t\t<\/div>\n\t<\/div> \n\n\t<div  class=\"vc_col-sm-6 wpb_column column_container vc_column_container col no-extra-padding inherit_tablet inherit_phone\"  data-padding-pos=\"all\" data-has-bg-color=\"false\" data-bg-color=\"\" data-bg-opacity=\"1\" data-animation=\"\" data-delay=\"0\" >\n\t\t<div class=\"vc_column-inner\" >\n\t\t\t<div class=\"wpb_wrapper\">\n\t\t\t\t<div class=\"img-with-aniamtion-wrap\" data-max-width=\"100%\" data-max-width-mobile=\"default\" data-shadow=\"none\" data-animation=\"fade-in\" >\n      <div class=\"inner\">\n        <div class=\"hover-wrap\"> \n          <div class=\"hover-wrap-inner\">\n            <img loading=\"lazy\" decoding=\"async\" class=\"img-with-animation skip-lazy\" data-delay=\"0\" height=\"660\" width=\"1001\" data-animation=\"fade-in\" src=\"https:\/\/dentalspa.life\/wp-content\/uploads\/2020\/06\/deak-adorjan-b14MM60oKZM-unsplash-BN-e1592226941112.jpg\" alt=\"\" srcset=\"https:\/\/dentalspa.life\/wp-content\/uploads\/2020\/06\/deak-adorjan-b14MM60oKZM-unsplash-BN-e1592226941112.jpg 1001w, https:\/\/dentalspa.life\/wp-content\/uploads\/2020\/06\/deak-adorjan-b14MM60oKZM-unsplash-BN-e1592226941112-300x198.jpg 300w, https:\/\/dentalspa.life\/wp-content\/uploads\/2020\/06\/deak-adorjan-b14MM60oKZM-unsplash-BN-e1592226941112-768x506.jpg 768w\" sizes=\"auto, (max-width: 1001px) 100vw, 1001px\" \/>\n          <\/div>\n        <\/div>\n        \n      <\/div>\n    <\/div>\n\t\t\t<\/div> \n\t\t<\/div>\n\t<\/div> \n<\/div><\/div>\n\t\t<div id=\"fws_69e111f757b4a\"  data-column-margin=\"60px\" data-midnight=\"dark\" data-top-percent=\"2%\" data-bottom-percent=\"5%\"  class=\"wpb_row vc_row-fluid vc_row full-width-section has-row-bg-color  reverse_columns_column_phone\"  style=\"padding-top: calc(100vw * 0.02); padding-bottom: calc(100vw * 0.05); --row-bg-color: #241a13;\"><div class=\"row-bg-wrap\" data-bg-animation=\"none\" data-bg-animation-delay=\"\" data-bg-overlay=\"false\"><div class=\"inner-wrap row-bg-layer\" ><div class=\"row-bg viewport-desktop using-bg-color\"  style=\"background-color: #241a13; \"><\/div><\/div><\/div><div class=\"row_col_wrap_12 col span_12 dark left\">\n\t<div  class=\"vc_col-sm-6 wpb_column column_container vc_column_container col no-extra-padding inherit_tablet inherit_phone\"  data-padding-pos=\"all\" data-has-bg-color=\"false\" data-bg-color=\"\" data-bg-opacity=\"1\" data-animation=\"\" data-delay=\"0\" >\n\t\t<div class=\"vc_column-inner\" >\n\t\t\t<div class=\"wpb_wrapper\">\n\t\t\t\t<div class=\"img-with-aniamtion-wrap\" data-max-width=\"100%\" data-max-width-mobile=\"default\" data-shadow=\"none\" data-animation=\"fade-in\" >\n      <div class=\"inner\">\n        <div class=\"hover-wrap\"> \n          <div class=\"hover-wrap-inner\">\n            <img loading=\"lazy\" decoding=\"async\" class=\"img-with-animation skip-lazy\" data-delay=\"0\" height=\"700\" width=\"700\" data-animation=\"fade-in\" src=\"https:\/\/dentalspa.life\/wp-content\/uploads\/2020\/06\/women-s-white-and-black-button-up-collared-shirt-774909BN.jpg\" alt=\"\" srcset=\"https:\/\/dentalspa.life\/wp-content\/uploads\/2020\/06\/women-s-white-and-black-button-up-collared-shirt-774909BN.jpg 700w, https:\/\/dentalspa.life\/wp-content\/uploads\/2020\/06\/women-s-white-and-black-button-up-collared-shirt-774909BN-300x300.jpg 300w, https:\/\/dentalspa.life\/wp-content\/uploads\/2020\/06\/women-s-white-and-black-button-up-collared-shirt-774909BN-150x150.jpg 150w, https:\/\/dentalspa.life\/wp-content\/uploads\/2020\/06\/women-s-white-and-black-button-up-collared-shirt-774909BN-100x100.jpg 100w, https:\/\/dentalspa.life\/wp-content\/uploads\/2020\/06\/women-s-white-and-black-button-up-collared-shirt-774909BN-140x140.jpg 140w, https:\/\/dentalspa.life\/wp-content\/uploads\/2020\/06\/women-s-white-and-black-button-up-collared-shirt-774909BN-500x500.jpg 500w, https:\/\/dentalspa.life\/wp-content\/uploads\/2020\/06\/women-s-white-and-black-button-up-collared-shirt-774909BN-350x350.jpg 350w\" sizes=\"auto, (max-width: 700px) 100vw, 700px\" \/>\n          <\/div>\n        <\/div>\n        \n      <\/div>\n    <\/div>\n\t\t\t<\/div> \n\t\t<\/div>\n\t<\/div> \n\n\t<div  class=\"vc_col-sm-6 wpb_column column_container vc_column_container col no-extra-padding inherit_tablet inherit_phone\"  data-padding-pos=\"all\" data-has-bg-color=\"false\" data-bg-color=\"\" data-bg-opacity=\"1\" data-animation=\"\" data-delay=\"0\" >\n\t\t<div class=\"vc_column-inner\" >\n\t\t\t<div class=\"wpb_wrapper\">\n\t\t\t\t<div class=\"nectar-highlighted-text font_size_6vh\" data-style=\"half_text\" data-exp=\"default\" data-user-color=\"true\" style=\"color: #ffffff;\" data-using-custom-color=\"true\" data-animation-delay=\"false\" data-color=\"#b8c83f\" data-color-gradient=\"rgba(255,255,255,0.01)\"><h2>Que <em>avantatges <\/em>tenen?<\/h2>\n<\/div><div class=\"divider-wrap\" data-alignment=\"default\"><div style=\"margin-top: 12.5px; width: 20%; height: 3px; margin-bottom: 12.5px;\" data-width=\"20%\" data-animate=\"yes\" data-animation-delay=\"\" data-color=\"accent-color\" class=\"divider-small-border\"><\/div><\/div><div class=\"nectar-fancy-ul\" data-list-icon=\"icon-salient-thin-line\" data-animation=\"true\" data-animation-delay=\"0\" data-color=\"accent-color\" data-spacing=\"default\" data-alignment=\"left\"> \n<ul>\n<li><span style=\"color: #ffffff;\"><strong>Mantenen l'anatomia<\/strong>. Si li falten dents, l'os comen\u00e7a a contreure's amb el pas del temps. Una p\u00e8rdua d'os malaltissa pot fer retrocedir la l\u00ednia de la seva mand\u00edbula i canviar la seva estructura facial.<\/span><\/li>\n<li><span style=\"color: #ffffff;\"><strong>Mantenen les seves dents sanes<\/strong>. Constitueixen una millor alternativa a llarg termini als ponts ja que s'elimina la necessitat de llimar dents sanes quan se substitueix un o m\u00e9s dents adjacents. Les seves dents naturals sanes no es posen en perill.<\/span><\/li>\n<li><span style=\"color: #ffffff;\"><strong>Seguretat<\/strong>. Els implants dentals fixats amb seguretat no es llisquen ni es mouen. Aix\u00f2 elimina alguns dels principals problemes de les dentadures postisses inclosos els d'adaptaci\u00f3 deficient, irritaci\u00f3 de les genives i dolor produ\u00eft per nervis exposats. El resultat \u00e9s un excel\u00b7lent confort, fiabilitat i abs\u00e8ncia de situacions inc\u00f2modes.<\/span><\/li>\n<\/ul>\n <\/div>\n\t\t\t<\/div> \n\t\t<\/div>\n\t<\/div> \n<\/div><\/div>\n\t\t<div id=\"fws_69e111f758616\"  data-column-margin=\"default\" data-midnight=\"dark\" data-top-percent=\"5%\" data-bottom-percent=\"5%\"  class=\"wpb_row vc_row-fluid vc_row full-width-section has-row-bg-color\"  style=\"padding-top: calc(100vw * 0.05); padding-bottom: calc(100vw * 0.05); --row-bg-color: #ffffff;\"><div class=\"row-bg-wrap\" data-bg-animation=\"none\" data-bg-animation-delay=\"\" data-bg-overlay=\"false\"><div class=\"inner-wrap row-bg-layer\" ><div class=\"row-bg viewport-desktop using-bg-color\"  style=\"background-color: #ffffff; \"><\/div><\/div><\/div><div class=\"row_col_wrap_12 col span_12 dark left\">\n\t<div style=\" color: #000000;\" class=\"vc_col-sm-6 wpb_column column_container vc_column_container col no-extra-padding inherit_tablet inherit_phone\" data-cfc=\"true\"  data-padding-pos=\"all\" data-has-bg-color=\"false\" data-bg-color=\"\" data-bg-opacity=\"1\" data-animation=\"\" data-delay=\"0\" >\n\t\t<div class=\"vc_column-inner\" >\n\t\t\t<div class=\"wpb_wrapper\">\n\t\t\t\t<div class=\"nectar-highlighted-text font_size_6vh\" data-style=\"half_text\" data-exp=\"default\" data-user-color=\"true\" style=\"color: #000000;\" data-using-custom-color=\"true\" data-animation-delay=\"false\" data-color=\"#b8c83f\" data-color-gradient=\"rgba(255,255,255,0.01)\"><h2>\u00bfPor qu\u00e9 acudir a <em>DentalSPA<\/em>?<\/h2>\n<\/div><div class=\"divider-wrap\" data-alignment=\"default\"><div style=\"margin-top: 12.5px; width: 20%; height: 3px; margin-bottom: 12.5px;\" data-width=\"20%\" data-animate=\"yes\" data-animation-delay=\"\" data-color=\"accent-color\" class=\"divider-small-border\"><\/div><\/div>\n<div class=\"wpb_text_column wpb_content_element\" >\n\t<p>A DentalSPA portem m\u00e9s de 25 anys millorant el somriure dels nostres pacients a trav\u00e9s de l'ortod\u00f2ncia. Som professionals compromesos amb un \u00fanic objectiu: millorar la salut bucodental dels nostres pacients.<\/p>\n<p>El teu tractament en DentalSPA ser\u00e0 un rec\u00e9s de pau enmig de la teva atrafegada vida, acudeix a qualsevol dels nostres centres i experimenta el plaer de tractar-se a DentalSPA. T'esperem!<\/p>\n<\/div>\n\n\n\n\n\t\t\t<\/div> \n\t\t<\/div>\n\t<\/div> \n\n\t<div  class=\"vc_col-sm-6 wpb_column column_container vc_column_container col no-extra-padding inherit_tablet inherit_phone\"  data-padding-pos=\"all\" data-has-bg-color=\"false\" data-bg-color=\"\" data-bg-opacity=\"1\" data-animation=\"\" data-delay=\"0\" >\n\t\t<div class=\"vc_column-inner\" >\n\t\t\t<div class=\"wpb_wrapper\">\n\t\t\t\t<div class=\"img-with-aniamtion-wrap\" data-max-width=\"100%\" data-max-width-mobile=\"default\" data-shadow=\"none\" data-animation=\"fade-in\" >\n      <div class=\"inner\">\n        <div class=\"hover-wrap\"> \n          <div class=\"hover-wrap-inner\">\n            <img loading=\"lazy\" decoding=\"async\" class=\"img-with-animation skip-lazy\" data-delay=\"0\" height=\"787\" width=\"1251\" data-animation=\"fade-in\" src=\"https:\/\/dentalspa.life\/wp-content\/uploads\/2020\/06\/b0000431_1-2.jpg\" alt=\"\" srcset=\"https:\/\/dentalspa.life\/wp-content\/uploads\/2020\/06\/b0000431_1-2.jpg 1251w, https:\/\/dentalspa.life\/wp-content\/uploads\/2020\/06\/b0000431_1-2-300x189.jpg 300w, https:\/\/dentalspa.life\/wp-content\/uploads\/2020\/06\/b0000431_1-2-1024x644.jpg 1024w, https:\/\/dentalspa.life\/wp-content\/uploads\/2020\/06\/b0000431_1-2-768x483.jpg 768w\" sizes=\"auto, (max-width: 1251px) 100vw, 1251px\" \/>\n          <\/div>\n        <\/div>\n        \n      <\/div>\n    <\/div>\n\t\t\t<\/div> \n\t\t<\/div>\n\t<\/div> \n<\/div><\/div>\n\t\t<div id=\"fws_69e111f75907b\"  data-column-margin=\"default\" data-midnight=\"dark\" data-top-percent=\"3%\" data-bottom-percent=\"5%\"  class=\"wpb_row vc_row-fluid vc_row full-width-section has-row-bg-color\"  style=\"padding-top: calc(100vw * 0.03); padding-bottom: calc(100vw * 0.05); --row-bg-color: #ffffff;\"><div class=\"row-bg-wrap\" data-bg-animation=\"none\" data-bg-animation-delay=\"\" data-bg-overlay=\"false\"><div class=\"inner-wrap row-bg-layer\" ><div class=\"row-bg viewport-desktop using-bg-color\"  style=\"background-color: #ffffff; \"><\/div><\/div><\/div><div class=\"row_col_wrap_12 col span_12 dark left\">\n\t<div style=\" color: #000000;\" class=\"vc_col-sm-4 wpb_column column_container vc_column_container col no-extra-padding inherit_tablet inherit_phone\" data-cfc=\"true\"  data-padding-pos=\"all\" data-has-bg-color=\"false\" data-bg-color=\"\" data-bg-opacity=\"1\" data-animation=\"\" data-delay=\"0\" >\n\t\t<div class=\"vc_column-inner\" >\n\t\t\t<div class=\"wpb_wrapper\">\n\t\t\t\t<div class=\"nectar-highlighted-text font_size_6vh\" data-style=\"half_text\" data-exp=\"default\" data-user-color=\"true\" style=\"color: #000000;\" data-using-custom-color=\"true\" data-animation-delay=\"false\" data-color=\"#b8c83f\" data-color-gradient=\"rgba(255,255,255,0.01)\"><h2>Preguntes Freq\u00fcents<\/h2>\n<\/div><div class=\"divider-wrap\" data-alignment=\"default\"><div style=\"margin-top: 12.5px; width: 20%; height: 3px; margin-bottom: 12.5px;\" data-width=\"20%\" data-animate=\"yes\" data-animation-delay=\"\" data-color=\"accent-color\" class=\"divider-small-border\"><\/div><\/div>\n<div class=\"wpb_text_column wpb_content_element\" >\n\t<p>En aquesta secci\u00f3 responem a algunes dels dubtes m\u00e9s freq\u00fcents que els sorgeixen als nostres pacients a l'hora de realitzar un tractament d'ortod\u00f2ncia.<\/p>\n<\/div>\n\n\n\n\n\t\t\t<\/div> \n\t\t<\/div>\n\t<\/div> \n\n\t<div  class=\"vc_col-sm-8 wpb_column column_container vc_column_container col no-extra-padding inherit_tablet inherit_phone\"  data-padding-pos=\"all\" data-has-bg-color=\"false\" data-bg-color=\"\" data-bg-opacity=\"1\" data-animation=\"\" data-delay=\"0\" >\n\t\t<div class=\"vc_column-inner\" >\n\t\t\t<div class=\"wpb_wrapper\">\n\t\t\t\t<div class=\"toggles\" data-br=\"\" data-starting=\"default\" data-style=\"minimal\"><div class=\"toggle default\" data-inner-wrap=\"true\"><h3 class=\"toggle-title\"><a href=\"#\" role=\"button\" class=\"toggle-heading\"><i role=\"presentation\" class=\"fa fa-plus\"><\/i>\u00c9s dolorosa la col\u00b7locaci\u00f3 d'un implant?<\/a><\/h3><div><div class=\"inner-toggle-wrap\">\n<div class=\"wpb_text_column wpb_content_element\" >\n\t<p>La col\u00b7locaci\u00f3 d'implants dentals no \u00e9s un proc\u00e9s dolor\u00f3s at\u00e8s que es realitza amb anest\u00e8sia local. No obstant aix\u00f2, s\u00ed que poden apar\u00e8ixer mol\u00e8sties despr\u00e9s de la cirurgia que es poden alleujar amb analg\u00e8sics, per\u00f2 s\u00f3n molt infreq\u00fcents els dolors forts postoperatoris.<\/p>\n<\/div>\n\n\n\n<\/div><\/div><\/div><div class=\"toggle default\" data-inner-wrap=\"true\"><h3 class=\"toggle-title\"><a href=\"#\" role=\"button\" class=\"toggle-heading\"><i role=\"presentation\" class=\"fa fa-plus\"><\/i>Quant duren els implants?<\/a><\/h3><div><div class=\"inner-toggle-wrap\">\n<div class=\"wpb_text_column wpb_content_element\" >\n\t<p>Existeixen estudis a llarg termini que han avaluat el rendiment d'alguns implants en un per\u00edode superior a 35 anys, i altres a 20 anys que reflecteixen que el 80% d'aquests segueixen en funci\u00f3. Els informes m\u00e9s actuals indiquen que el 90% dels implants col\u00b7locats fa 10 anys es mantenen en l'actualitat. No obstant aix\u00f2, els implants que es col\u00b7loquen en l'actualitat s\u00f3n m\u00e9s rugosos pel fet que s'uneixen millor a l'os. Es creu que poden tenir un pitjor resultat a llarg termini, per\u00f2 encara no hi ha estudis que puguin confirmar-lo at\u00e8s que s'empren des de fa poc temps.<\/p>\n<\/div>\n\n\n\n<\/div><\/div><\/div><div class=\"toggle default\" data-inner-wrap=\"true\"><h3 class=\"toggle-title\"><a href=\"#\" role=\"button\" class=\"toggle-heading\"><i role=\"presentation\" class=\"fa fa-plus\"><\/i>Quant costen els implants?<\/a><\/h3><div><div class=\"inner-toggle-wrap\">\n<div class=\"wpb_text_column wpb_content_element\" >\n\t<p>Existeixen diversos factors que afecten el cost d'un tractament d'implants, alguns d'aquests s\u00f3n el numero de peces, el tipus d'implant, etc. Quan vinguis a DentalSPA et realitzarem un tractament i un pressupost a la teva mesura.<\/p>\n<\/div>\n\n\n\n<\/div><\/div><\/div><div class=\"toggle default\" data-inner-wrap=\"true\"><h3 class=\"toggle-title\"><a href=\"#\" role=\"button\" class=\"toggle-heading\"><i role=\"presentation\" class=\"fa fa-plus\"><\/i>Quant dura el proc\u00e9s de col\u00b7locaci\u00f3?<\/a><\/h3><div><div class=\"inner-toggle-wrap\">\n<div class=\"wpb_text_column wpb_content_element\" >\n\t<p>Una vegada s'ha col\u00b7locat l'implant, l'habitual \u00e9s\u00a0<strong>esperar entre dos i tres mesos, fins que s'hagi integrat i cicatritzat completament, per a poder col\u00b7locar la pr\u00f2tesi<\/strong>. Durant aquest per\u00edode de temps, existeix la possibilitat d'instal\u00b7lar una dent provisional per motius est\u00e8tics.<\/p>\n<p>Existeixen casos molt concrets, en els quals\u00a0<strong>la pr\u00f2tesi es pot col\u00b7locar el mateix dia en qu\u00e8 s'ha realitzat l'implant<\/strong>. A aquests casos se'ls coneix com a \u201cc\u00e0rrega immediata\u201d.<\/p>\n<\/div>\n\n\n\n<\/div><\/div><\/div><\/div>\n\t\t\t<\/div> \n\t\t<\/div>\n\t<\/div> \n<\/div><\/div>\n\t\t<div id=\"fws_69e111f759d6e\"  data-column-margin=\"default\" data-midnight=\"light\" data-top-percent=\"3%\" data-bottom-percent=\"5%\"  class=\"wpb_row vc_row-fluid vc_row full-width-section has-row-bg-color vc_row-o-equal-height vc_row-flex vc_row-o-content-middle\"  style=\"padding-top: calc(100vw * 0.03); padding-bottom: calc(100vw * 0.05); --row-bg-color: #1a120d;\"><div class=\"row-bg-wrap\" data-bg-animation=\"none\" data-bg-animation-delay=\"\" data-bg-overlay=\"false\"><div class=\"inner-wrap row-bg-layer\" ><div class=\"row-bg viewport-desktop using-bg-color\"  style=\"background-color: #1a120d; \"><\/div><\/div><\/div><div class=\"row_col_wrap_12 col span_12 light left\">\n\t<div  class=\"vc_col-sm-5 wpb_column column_container vc_column_container col no-extra-padding force-tablet-text-align-center force-phone-text-align-center inherit_tablet inherit_phone\"  data-padding-pos=\"all\" data-has-bg-color=\"false\" data-bg-color=\"\" data-bg-opacity=\"1\" data-animation=\"\" data-delay=\"0\" >\n\t\t<div class=\"vc_column-inner\" >\n\t\t\t<div class=\"wpb_wrapper\">\n\t\t\t\t<div class=\"nectar-highlighted-text\" data-style=\"half_text\" data-exp=\"default\" data-using-custom-color=\"true\" data-animation-delay=\"false\" data-color=\"#b8c83f\" data-color-gradient=\"rgba(255,255,255,0.01)\" style=\"\"><h2>Vols\u00a0<em>con\u00e8ixer-nos<\/em>?\u00bfVols veure <em>mes<\/em>?<\/h2>\n<\/div>\n\t\t\t<\/div> \n\t\t<\/div>\n\t<\/div> \n\n\t<div  class=\"vc_col-sm-1 wpb_column column_container vc_column_container col no-extra-padding force-tablet-text-align-center force-phone-text-align-center inherit_tablet inherit_phone\"  data-padding-pos=\"all\" data-has-bg-color=\"false\" data-bg-color=\"\" data-bg-opacity=\"1\" data-animation=\"\" data-delay=\"0\" >\n\t\t<div class=\"vc_column-inner\" >\n\t\t\t<div class=\"wpb_wrapper\">\n\t\t\t\t\n\t\t\t<\/div> \n\t\t<\/div>\n\t<\/div> \n\n\t<div  class=\"vc_col-sm-6 wpb_column column_container vc_column_container col no-extra-padding force-tablet-text-align-center force-phone-text-align-center inherit_tablet inherit_phone\"  data-padding-pos=\"all\" data-has-bg-color=\"false\" data-bg-color=\"\" data-bg-opacity=\"1\" data-animation=\"\" data-delay=\"0\" >\n\t\t<div class=\"vc_column-inner\" >\n\t\t\t<div class=\"wpb_wrapper\">\n\t\t\t\t<div id=\"fws_69e111f75a583\" data-midnight=\"\" data-column-margin=\"default\" class=\"wpb_row vc_row-fluid vc_row inner_row\"  style=\"\"><div class=\"row-bg-wrap\"> <div class=\"row-bg\" ><\/div> <\/div><div class=\"row_col_wrap_12_inner col span_12  right\">\n\t<div  class=\"vc_col-sm-6 wpb_column column_container vc_column_container col child_column no-extra-padding inherit_tablet inherit_phone\"   data-padding-pos=\"all\" data-has-bg-color=\"false\" data-bg-color=\"\" data-bg-opacity=\"1\" data-animation=\"\" data-delay=\"0\" >\n\t\t<div class=\"vc_column-inner\" >\n\t\t<div class=\"wpb_wrapper\">\n\t\t\t<a class=\"nectar-button jumbo regular accent-color has-icon  regular-button\"  role=\"button\" style=\"\"  href=\"#abrircontactorapido\" data-color-override=\"false\" data-hover-color-override=\"false\" data-hover-text-color-override=\"#fff\"><span>Parlem<\/span><i  class=\"icon-button-arrow\"><\/i><\/a>\n\t\t<\/div> \n\t<\/div>\n\t<\/div> \n\n\t<div  class=\"vc_col-sm-6 wpb_column column_container vc_column_container col child_column no-extra-padding inherit_tablet inherit_phone\"   data-padding-pos=\"all\" data-has-bg-color=\"false\" data-bg-color=\"\" data-bg-opacity=\"1\" data-animation=\"\" data-delay=\"0\" >\n\t\t<div class=\"vc_column-inner\" >\n\t\t<div class=\"wpb_wrapper\">\n\t\t\t<a class=\"nectar-button jumbo see-through-2  has-icon\"  role=\"button\" style=\"border-color: #ffffff; color: #ffffff;\"  href=\"\/ca\/tratamientos-acabados\/\" data-color-override=\"#ffffff\"  data-hover-color-override=\"#ffffff\" data-hover-text-color-override=\"#000000\"><span>Tractaments Acabats<\/span><i  class=\"icon-button-arrow\"><\/i><\/a>\n\t\t<\/div> \n\t<\/div>\n\t<\/div> \n<\/div><\/div>\n\t\t\t<\/div> \n\t\t<\/div>\n\t<\/div> \n<\/div><\/div>","protected":false},"excerpt":{"rendered":"Implantes Dentales \u00bfQu\u00e9 son los implantes? Los implantes dentales son una de las mejores soluciones que existen hoy en d\u00eda para sustituir la p\u00e9rdida de...","protected":false},"author":1,"featured_media":6184,"parent":0,"menu_order":0,"comment_status":"closed","ping_status":"closed","template":"","meta":{"_joinchat":[],"footnotes":""},"class_list":["post-6268","page","type-page","status-publish","has-post-thumbnail"],"_links":{"self":[{"href":"https:\/\/dentalspa.life\/ca\/wp-json\/wp\/v2\/pages\/6268","targetHints":{"allow":["GET"]}}],"collection":[{"href":"https:\/\/dentalspa.life\/ca\/wp-json\/wp\/v2\/pages"}],"about":[{"href":"https:\/\/dentalspa.life\/ca\/wp-json\/wp\/v2\/types\/page"}],"author":[{"embeddable":true,"href":"https:\/\/dentalspa.life\/ca\/wp-json\/wp\/v2\/users\/1"}],"replies":[{"embeddable":true,"href":"https:\/\/dentalspa.life\/ca\/wp-json\/wp\/v2\/comments?post=6268"}],"version-history":[{"count":1,"href":"https:\/\/dentalspa.life\/ca\/wp-json\/wp\/v2\/pages\/6268\/revisions"}],"predecessor-version":[{"id":8510,"href":"https:\/\/dentalspa.life\/ca\/wp-json\/wp\/v2\/pages\/6268\/revisions\/8510"}],"wp:featuredmedia":[{"embeddable":true,"href":"https:\/\/dentalspa.life\/ca\/wp-json\/wp\/v2\/media\/6184"}],"wp:attachment":[{"href":"https:\/\/dentalspa.life\/ca\/wp-json\/wp\/v2\/media?parent=6268"}],"curies":[{"name":"wp","href":"https:\/\/api.w.org\/{rel}","templated":true}]}}