{"id":6176,"date":"2020-06-10T09:48:45","date_gmt":"2020-06-10T09:48:45","guid":{"rendered":"https:\/\/dentalspa.life\/?page_id=6176"},"modified":"2020-06-10T09:50:18","modified_gmt":"2020-06-10T09:50:18","slug":"aviso-legal","status":"publish","type":"page","link":"https:\/\/dentalspa.life\/en\/aviso-legal\/","title":{"rendered":"Aviso Legal"},"content":{"rendered":"<div id=\"fws_69e10a9b1cbc3\"  data-column-margin=\"default\" data-midnight=\"dark\" data-top-percent=\"5%\" data-bottom-percent=\"5%\"  class=\"wpb_row vc_row-fluid vc_row full-width-section has-row-bg-color\"  style=\"padding-top: calc(100vw * 0.05); padding-bottom: calc(100vw * 0.05); --row-bg-color: #ffffff;\"><div class=\"row-bg-wrap\" data-bg-animation=\"none\" data-bg-animation-delay=\"\" data-bg-overlay=\"false\"><div class=\"inner-wrap row-bg-layer\" ><div class=\"row-bg viewport-desktop using-bg-color\"  style=\"background-color: #ffffff; \"><\/div><\/div><\/div><div class=\"row_col_wrap_12 col span_12 dark left\">\n\t<div  class=\"vc_col-sm-12 wpb_column column_container vc_column_container col no-extra-padding inherit_tablet inherit_phone\"  data-padding-pos=\"all\" data-has-bg-color=\"false\" data-bg-color=\"\" data-bg-opacity=\"1\" data-animation=\"\" data-delay=\"0\" >\n\t\t<div class=\"vc_column-inner\" >\n\t\t\t<div class=\"wpb_wrapper\">\n\t\t\t\t\n<div class=\"wpb_text_column wpb_content_element\" >\n\t<p>Bienvenido a la p\u00e1gina web de <strong>DentalSpa<\/strong><\/p>\n<p>A continuaci\u00f3n, le exponemos las condiciones de uso de esta p\u00e1gina WEB. La navegaci\u00f3n por esta p\u00e1gina WEB le otorga el rol de usuario de esta y, por tanto, acepta las cl\u00e1usulas detalladas en este documento.<\/p>\n<p style=\"text-align: justify;\"><em><u>1- IDENTIFICACI\u00d3N<\/u><\/em><\/p>\n<p>De conformidad con lo que dispone el art\u00edculo 10 de la Ley 34\/2002, de 11 de julio, de Servicios de Sociedad de la Informaci\u00f3n y Comercio Electr\u00f3nico, se informa que <strong>DentalSpa by Ziving<\/strong>\u00a0es un dominio de la empresa <strong>Sonrie S.L<\/strong>.\u00a0con domicilio social en <strong>C\/Torres de Sanui, 36 bajos\u00a0\u2013 25006 Lleida<\/strong> y con tel\u00e9fono <strong>+34 973 725 093<\/strong><\/p>\n<p>La sociedad se denomina\u00a0<strong>Sonrie, S.L <\/strong><strong>\u00a0<\/strong>con <strong>CIF: B25386475<\/strong><\/p>\n<p><em><u>2- NORMAS DE UTILIZACI\u00d3N<\/u><\/em><\/p>\n<p>El Usuario se compromete a hacer un uso adecuado y l\u00edcito del Sitio Web as\u00ed como de los contenidos y servicios, de conformidad con la legislaci\u00f3n aplicable en cada momento,\u00a0 la moral y buenas costumbres generalmente aceptadas y\u00a0 el orden p\u00fablico.<\/p>\n<p>Queda prohibido realizar, por su parte, cualquier acci\u00f3n que pueda provocar alteraciones de los contenidos de esta WEB o un mal funcionamiento de la misma, incluyendo la introducci\u00f3n de virus o similares.<\/p>\n<p><em><u>3- PROPIEDAD INTELECTUAL<\/u><\/em><\/p>\n<p>Las p\u00e1ginas de la WEB y la informaci\u00f3n o los elementos que contiene, incluyen textos, documentos, fotograf\u00edas, dibujos, representaciones gr\u00e1ficas, bases de datos, v\u00eddeos y tambi\u00e9n logotipos, marcas, nombres comerciales, u otros signos distintivos, est\u00e1n protegidos por derechos de propiedad intelectual o industrial, de los cuales Sonrie S.L<strong>\u00a0<\/strong><strong>\u00a0<\/strong>o las empresas de su grupo son titulares o licenciatarias leg\u00edtimas.<\/p>\n<p style=\"text-align: justify;\">Queda prohibida cualquier modalidad de explotaci\u00f3n, incluyendo cualquier tipo de reproducci\u00f3n, distribuci\u00f3n, cesi\u00f3n a terceros, comunicaci\u00f3n p\u00fablica y transformaci\u00f3n, mediante cualquier tipo de apoyo y medio, sin la autorizaci\u00f3n previa y expresa.<\/p>\n<p style=\"text-align: justify;\"><em><u>4- RESPONSABILIDAD<\/u><\/em><\/p>\n<p>Nuestra intenci\u00f3n es la de ofrecer un sitio WEB que ofrezca un funcionamiento continuado y de m\u00e1xima calidad.<\/p>\n<p>De todas formas, le informamos que no podemos garantizar el acceso continuado, y que las p\u00e1ginas se puedan encontrar impedidas, o interrumpidas por factores o circunstancias ajenas a nuestra voluntad.<\/p>\n<p><strong>Sonrie, S.L<\/strong> no es responsable de la informaci\u00f3n y otros contenidos integrados en espacios o p\u00e1ginas web de terceros accesibles mediante enlaces, hiperv\u00ednculos o links.<\/p>\n<p><strong>Sonrie, S.L<\/strong> no se hace responsable de los perjuicios que se pudieran derivar, entre otros, de:<\/p>\n<ul>\n<li>Interferencias, interrupciones, fallos, omisiones, aver\u00edas telef\u00f3nicas, retrasos, bloqueos o desconexiones en el funcionamiento del sistema electr\u00f3nico, motivadas por deficiencias, sobrecargas y errores en las l\u00edneas y redes de telecomunicaciones<\/li>\n<li>Intromisiones ileg\u00edtimas mediante el uso de programas malignos de cualquier tipo y a trav\u00e9s de cualquier medio de comunicaci\u00f3n.<\/li>\n<li>Uso indebido o inadecuado del Sitio Web.<\/li>\n<li>Errores producidos por un mal funcionamiento del navegador o por el uso de versiones no actualizadas del mismo.<\/li>\n<\/ul>\n<p>El usuario, en caso de causar da\u00f1os y perjuicios por un uso il\u00edcito o incorrecto de este sitio WEB, podr\u00e1 ser reclamado de los da\u00f1os o perjuicios causados.<\/p>\n<p>Asimismo, el usuario responder\u00e1 frente a cualquier da\u00f1o\u00a0 y perjuicio, que se derive del uso por su parte de \u201crobots\u201d, \u201cspiders\u201d, \u2026 o herramientas similares empleadas con el fin de recabar o extraer datos o de cualquier otra actuaci\u00f3n por su parte que imponga una carga irrazonable sobre el funcionamiento del Sitio Web.<\/p>\n<p style=\"text-align: justify;\"><em><u>5 &#8211; POL\u00cdTICA DE PRIVACIDAD Y DE PROTECCI\u00d3N DE DATOS<\/u><\/em><\/p>\n<p>En la navegaci\u00f3n por nuestra WEB es posible que se recopilen de usted ciertos datos de car\u00e1cter personal, necesarios para la prestaci\u00f3n de los servicios solicitados.<\/p>\n<p>En concreto Vd. nos puede proporcionar informaci\u00f3n en los siguientes apartados:<\/p>\n<ul>\n<li>Datos de contacto para poder responder a cualquier pregunta que Vd. nos haga.<\/li>\n<li>Inscripci\u00f3n en la Newsletter. Necesitamos sus datos de contacto parta enviarle peri\u00f3dicamente nuestra newsletter.<\/li>\n<li>Trabaja con nosotros. Usted puede enviarnos su curr\u00edculum para formar parte de una futura selecci\u00f3n de personal en nuestra organizaci\u00f3n<\/li>\n<\/ul>\n<p>De acuerdo con lo dispuesto en la normativa vigente de protecci\u00f3n de datos personales, le informamos que los datos de car\u00e1cter personal pasan a formar parte de\u00a0<strong>Sonrie, S.L <\/strong>situada en<strong> C\/Torres de Sanui, 36 bajos\u00a0&#8211; 25006 Lleida<\/strong>,\u00a0para la prestaci\u00f3n de nuestros servicios. Sus datos no ser\u00e1n cedidos a terceros salvo obligaci\u00f3n legal. As\u00ed mismo, le informamos de que sus datos no ser\u00e1n utilizados para la toma autom\u00e1tica de decisiones, ni elaboraci\u00f3n de perfiles.<\/p>\n<p>De cualquiera de los apartados anteriores, puede ejercitar los derechos de acceso, rectificaci\u00f3n, limitaci\u00f3n, cancelaci\u00f3n y oposici\u00f3n, indic\u00e1ndolo por escrito a la empresa\u00a0<strong>Sonrie, S.L <\/strong>situada en<strong> C\/Torres de Sanui, 36 bajos\u00a0&#8211; 25006 Lleida\u00a0<\/strong>o por correo electr\u00f3nico en la direcci\u00f3n: <strong>administracion@sonrie.com<\/strong><\/p>\n<p>Rogamos nos comunique cualquier modificaci\u00f3n de sus datos de car\u00e1cter personal a fin de que la informaci\u00f3n est\u00e9 en todo momento actualizada y no contenga errores. Asimismo, con la aceptaci\u00f3n de este aviso legal, reconoce que la informaci\u00f3n y los datos personales recabados son exactos y veraces.<\/p>\n<p style=\"text-align: justify;\"><em><u>6 \u2013 Uso de cookies<\/u><\/em><\/p>\n<p style=\"text-align: justify;\">Sonrie S.L. mediante su web, utilizar\u00e1 cookies cuando el usuario navegue por nuestra web. Las cookies se asocian \u00fanicamente con un usuario an\u00f3nimo y su ordenador y no proporcionan referencias que permitan deducir el nombre y apellidos del Usuario. El usuario tiene la opci\u00f3n de impedir la generaci\u00f3n de cookies, mediante la selecci\u00f3n de la correspondiente opci\u00f3n en su programa navegador.<\/p>\n<p style=\"text-align: justify;\">Si quiere conocer m\u00e1s al detalle nuestro uso de las cookies puede consulta nuestra <a href=\"\/en\/cookies\/\">pol\u00edtica de cookies<\/a>.<\/p>\n<p style=\"text-align: justify;\"><em><u>7\u2013 Legislaci\u00f3n<\/u><\/em><\/p>\n<p>Cualquier controversia que surja o guarde relaci\u00f3n con el uso de la p\u00e1gina web ser\u00e1 sometida a la jurisdicci\u00f3n no exclusiva de los juzgados y tribunales espa\u00f1oles.<\/p>\n<\/div>\n\n\n\n\n\t\t\t<\/div> \n\t\t<\/div>\n\t<\/div> \n<\/div><\/div>","protected":false},"excerpt":{"rendered":"Bienvenido a la p\u00e1gina web de DentalSpa A continuaci\u00f3n, le exponemos las condiciones de uso de esta p\u00e1gina WEB. La navegaci\u00f3n por esta p\u00e1gina WEB...","protected":false},"author":1,"featured_media":0,"parent":0,"menu_order":0,"comment_status":"closed","ping_status":"closed","template":"","meta":{"_joinchat":[],"footnotes":""},"class_list":["post-6176","page","type-page","status-publish"],"_links":{"self":[{"href":"https:\/\/dentalspa.life\/en\/wp-json\/wp\/v2\/pages\/6176","targetHints":{"allow":["GET"]}}],"collection":[{"href":"https:\/\/dentalspa.life\/en\/wp-json\/wp\/v2\/pages"}],"about":[{"href":"https:\/\/dentalspa.life\/en\/wp-json\/wp\/v2\/types\/page"}],"author":[{"embeddable":true,"href":"https:\/\/dentalspa.life\/en\/wp-json\/wp\/v2\/users\/1"}],"replies":[{"embeddable":true,"href":"https:\/\/dentalspa.life\/en\/wp-json\/wp\/v2\/comments?post=6176"}],"version-history":[{"count":0,"href":"https:\/\/dentalspa.life\/en\/wp-json\/wp\/v2\/pages\/6176\/revisions"}],"wp:attachment":[{"href":"https:\/\/dentalspa.life\/en\/wp-json\/wp\/v2\/media?parent=6176"}],"curies":[{"name":"wp","href":"https:\/\/api.w.org\/{rel}","templated":true}]}}